{"id":6,"date":"2020-06-04T08:45:09","date_gmt":"2020-06-04T08:45:09","guid":{"rendered":"https:\/\/sgwpdemo.com\/default\/wpforms-preview\/"},"modified":"2024-09-23T19:16:59","modified_gmt":"2024-09-23T19:16:59","slug":"empresa","status":"publish","type":"page","link":"https:\/\/protonsl.com\/en\/empresa\/","title":{"rendered":"Company"},"content":{"rendered":"<h2>PROTON FASTENERS<\/h2>\n<style>.porto-u-5143.porto-u-heading{text-align:left}<\/style>\n<h3>Fasteners high-strength<\/h3>\n<p>Proton Fasteners SL is a company dedicated to the importation and distribution of hardware, high strength.<\/p>\n<p>We are located in Cubelles (Barcelona). Connected by motorways A2 and C32, 12km from the Barcelona airport and 40km from the port of Barcelona.<\/p>\n<p>Founded in the year 2016, with the experience of our partners and that we have gained during this time, we have increased every year our competition and quality of service, we currently have 200mt2 and we have increased the template with agents in Spain, Portugal and France.<\/p>\n<p>Our customers are distributed in various territories such as Europe and the US., and in different sectors:<\/p>\n<ul>\n<li>Construction<\/li>\n<li>Wind<\/li>\n<li>Petrochemical<\/li>\n<\/ul>\n<p><img fetchpriority=\"high\" decoding=\"async\" class=\"alignnone size-medium wp-image-125459\" src=\"https:\/\/protonsl.com\/wp-content\/uploads\/2024\/09\/Photoroom_20240829_150458-300x300.jpg\" alt=\"\" width=\"300\" height=\"300\" \/><\/p>\n<p>Proton Fasteners work with standards DIN-ISO-IN and special pieces low flat made by factories collaborating approved by our ISO 9001:2015.<\/p>\n<p>To our clients we offer a flexible methods of cooperation with management of the shopping 24\/7 with scheduled deliveries, where they get benefits:<\/p>\n<ul>\n<li>Increase sales<\/li>\n<li>Reduction of costs<\/li>\n<li>Improvement of production<\/li>\n<li>Stock Control<\/li>\n<\/ul>\n<p>Today we continue in the full development of improvements to be able to transfer to our customers, interesting business opportunities, always looking to get your satisfaction.<\/p>\n<h2 style=\"margin-bottom: 1.5rem;\">Mission<\/h2>\n<p><strong>Proton Fasteners S. L<\/strong>. a company dedicated to the marketing and\u00a0<strong>distribution<\/strong>\u00a0of\u00a0<strong>fasteners high-strength<\/strong>we offer a comprehensive service to businesses and professionals in any sector.<\/p>\n<p>Our factories partners we guarantee a quality product, which allows us to guarantee our clients an improvement in their projects, products and competitive position in the market.<\/p>\n<style>.porto-u-5934.porto-u-heading{text-align:left}<\/style>\n<h2 style=\"margin-bottom: 1.5rem;\">Vision<\/h2>\n<p>Being a leader in the market and become the main provider for his improvements of business processes.<\/p>\n<style>.porto-u-7571.porto-u-heading{text-align:left}<\/style>\n<h2 style=\"margin-bottom: 1.5rem;\">Values<\/h2>\n<ul>\n<li><em>Experience<\/em>: The experience accumulated over the years in the different sectors of the us position in a company qualified and competitive.<\/li>\n<li><em>Full service:<\/em>\u00a0We get involved in projects offering technical advice, the sale of the material and the continuous communication.<\/li>\n<li><em>Team work:<\/em>\u00a0the major capital of\u00a0<strong>PROTON FASTENERS<\/strong>\u00a0in our team, so we work as a team to get the greatest achievements.<\/li>\n<li><em>Dedication:<\/em> From the first contact with our client we engage to devote all the time and effort needed to obtain the best possible result.<\/li>\n<li><em>Quality:<\/em>\u00a0Our management, products and service we offer are certified and high quality, we work for the complete satisfaction of our clients.<\/li>\n<\/ul>\n<style>.porto-u-3604.porto-u-heading{text-align:left}<\/style>\n<p><a href=\"https:\/\/protonsl.com\/wp-content\/uploads\/2023\/08\/9001-CAST-PROTON-FASTENERS_signed.pdf\" target=\"_blank\" rel=\"noopener\" aria-label=\"button\">Certificate ISO 9001:2015<\/a><br \/>\n<img decoding=\"async\" src=\"https:\/\/protonsl.com\/wp-content\/uploads\/2021\/07\/ISO_9001-SN_RGB-172x300.png\" alt=\"\" width=\"172\" height=\"300\" \/><\/p>","protected":false},"excerpt":{"rendered":"<p>PROTON FASTENERS Torniller\u00eda de alta resistencia Proton Fasteners S.L. es una empresa dedicada a la importaci\u00f3n y distribuci\u00f3n de torniller\u00eda de alta resistencia. Estamos ubicados en Cubelles (Barcelona). Conectados por las autov\u00edas A2 y C32, a 12km del aeropuerto de Barcelona y a 40km del puerto de Barcelona. Fundada en el a\u00f1o 2016, con la [&hellip;]<\/p>","protected":false},"author":40,"featured_media":0,"parent":0,"menu_order":0,"comment_status":"closed","ping_status":"closed","template":"","meta":{"_joinchat":[],"footnotes":""},"class_list":["post-6","page","type-page","status-publish","hentry"],"acf":[],"_links":{"self":[{"href":"https:\/\/protonsl.com\/en\/wp-json\/wp\/v2\/pages\/6","targetHints":{"allow":["GET"]}}],"collection":[{"href":"https:\/\/protonsl.com\/en\/wp-json\/wp\/v2\/pages"}],"about":[{"href":"https:\/\/protonsl.com\/en\/wp-json\/wp\/v2\/types\/page"}],"author":[{"embeddable":true,"href":"https:\/\/protonsl.com\/en\/wp-json\/wp\/v2\/users\/40"}],"replies":[{"embeddable":true,"href":"https:\/\/protonsl.com\/en\/wp-json\/wp\/v2\/comments?post=6"}],"version-history":[{"count":7,"href":"https:\/\/protonsl.com\/en\/wp-json\/wp\/v2\/pages\/6\/revisions"}],"predecessor-version":[{"id":125494,"href":"https:\/\/protonsl.com\/en\/wp-json\/wp\/v2\/pages\/6\/revisions\/125494"}],"wp:attachment":[{"href":"https:\/\/protonsl.com\/en\/wp-json\/wp\/v2\/media?parent=6"}],"curies":[{"name":"wp","href":"https:\/\/api.w.org\/{rel}","templated":true}]}}