{"id":72792,"date":"2021-10-05T13:51:02","date_gmt":"2021-10-05T13:51:02","guid":{"rendered":"https:\/\/protonsl.com\/?page_id=72792"},"modified":"2021-10-05T13:55:28","modified_gmt":"2021-10-05T13:55:28","slug":"productos-especiales","status":"publish","type":"page","link":"https:\/\/protonsl.com\/en\/productos-especiales\/","title":{"rendered":"Special products"},"content":{"rendered":"<div data-elementor-type=\"wp-page\" data-elementor-id=\"72792\" class=\"elementor elementor-72792\" data-elementor-post-type=\"page\">\n\t\t\t\t\t\t<section class=\"elementor-section elementor-top-section elementor-element elementor-element-92a20cc custom-icon-boxes pt-5 p-b-xxl elementor-section-boxed elementor-section-height-default elementor-section-height-default elementor-invisible\" data-id=\"92a20cc\" data-element_type=\"section\" data-settings=\"{&quot;background_background&quot;:&quot;classic&quot;,&quot;animation_delay&quot;:200,&quot;animation&quot;:&quot;fadeIn&quot;}\">\n\t\t\n\t\t\t\t\t\t\t<div class=\"elementor-container elementor-column-gap-no\">\n\t\t\t\t\t\t\t\t\t\t\t<div class=\"elementor-column elementor-col-50 elementor-top-column elementor-element elementor-element-12a1365\" data-id=\"12a1365\" data-element_type=\"column\">\n\t\t\t\t\t<div class=\"elementor-widget-wrap elementor-element-populated\">\n\t\t\t\t\t\t\t\t<div class=\"elementor-element elementor-element-8dabb1f elementor-widget-divider--view-line_text elementor-widget-divider--element-align-right mb-1 elementor-invisible elementor-widget elementor-widget-divider\" data-id=\"8dabb1f\" data-element_type=\"widget\" data-settings=\"{&quot;_animation&quot;:&quot;fadeInLeft&quot;,&quot;_animation_delay&quot;:100}\" data-widget_type=\"divider.default\">\n\t\t\t\t<div class=\"elementor-widget-container\">\n\t\t\t\t\t\t\t<div class=\"elementor-divider\">\n\t\t\t<span class=\"elementor-divider-separator\">\n\t\t\t\t\t\t\t<span class=\"elementor-divider__text elementor-divider__element\">\n\t\t\t\tThe best response to any request.\t\t\t\t<\/span>\n\t\t\t\t\t\t<\/span>\n\t\t<\/div>\n\t\t\t\t\t\t<\/div>\n\t\t\t\t<\/div>\n\t\t\t\t<div class=\"elementor-element elementor-element-260badf mb-4 elementor-invisible elementor-widget elementor-widget-porto_ultimate_heading\" data-id=\"260badf\" data-element_type=\"widget\" data-settings=\"{&quot;_animation&quot;:&quot;fadeInLeft&quot;,&quot;_animation_delay&quot;:300}\" data-widget_type=\"porto_ultimate_heading.default\">\n\t\t\t\t<div class=\"elementor-widget-container\">\n\t\t\t\t\t<div class=\"porto-u-heading  porto-u-7359\"><div class=\"porto-u-main-heading\"><h2    style=\"margin-bottom: .5rem;\">Special products<\/h2><\/div><div class=\"porto-u-sub-heading\" style=\"\"><div class=\"et_pb_module et_pb_text et_pb_text_0  et_pb_text_align_left et_pb_bg_layout_light\"><div class=\"et_pb_text_inner\"><div class=\"entry-content\"><div class=\"all-columns\"><div class=\"one-half first\"><p>Para\u00a0<strong>Proton Fasteners<\/strong>, cada\u00a0<strong>cliente y proyecto es \u00fanico<\/strong>.<\/p><p>Seg\u00fan el plano y especificaciones, podemos producir la pieza seg\u00fan la necesidad del cliente. Nuestro departamento t\u00e9cnico proporcionar\u00e1 un estudio preciso para un proceso de producci\u00f3n detallado y cuidadoso.<\/p><p>Nuestras f\u00e1bricas colaboradoras disponen de un exhaustivo programa de procesos seg\u00fan las normas y disponemos de los certificados de calidad correspondientes.<\/p><p>Realiza cualquier consulta t\u00e9cnica a nuestro departamento comercial.<\/p><p>Tambi\u00e9n puedes adjuntar tu archivo o plano para la fabricaci\u00f3n de torniller\u00eda especial.<\/p><\/div><\/div><\/div><\/div><\/div><\/div><style>.porto-u-7359.porto-u-heading{text-align:left}<\/style><\/div>\t\t\t\t<\/div>\n\t\t\t\t<\/div>\n\t\t\t\t<div class=\"elementor-element elementor-element-8f4e82e elementor-widget elementor-widget-image\" data-id=\"8f4e82e\" data-element_type=\"widget\" data-widget_type=\"image.default\">\n\t\t\t\t<div class=\"elementor-widget-container\">\n\t\t\t\t\t\t\t\t\t\t\t\t\t\t\t<img fetchpriority=\"high\" decoding=\"async\" width=\"900\" height=\"656\" src=\"https:\/\/protonsl.com\/wp-content\/uploads\/2021\/07\/planos-web-Proton-Fasteners-PNG.png\" class=\"attachment-large size-large wp-image-727\" alt=\"Planos Web PROTON SL\" srcset=\"https:\/\/protonsl.com\/wp-content\/uploads\/2021\/07\/planos-web-Proton-Fasteners-PNG.png 900w, https:\/\/protonsl.com\/wp-content\/uploads\/2021\/07\/planos-web-Proton-Fasteners-PNG-768x560.png 768w, https:\/\/protonsl.com\/wp-content\/uploads\/2021\/07\/planos-web-Proton-Fasteners-PNG-640x466.png 640w, https:\/\/protonsl.com\/wp-content\/uploads\/2021\/07\/planos-web-Proton-Fasteners-PNG-400x292.png 400w, https:\/\/protonsl.com\/wp-content\/uploads\/2021\/07\/planos-web-Proton-Fasteners-PNG-600x437.png 600w\" sizes=\"(max-width: 900px) 100vw, 900px\" \/>\t\t\t\t\t\t\t\t\t\t\t\t\t\t\t<\/div>\n\t\t\t\t<\/div>\n\t\t\t\t\t<\/div>\n\t\t\t\t<\/div>\n\t\t\t\t<div class=\"elementor-column elementor-col-50 elementor-top-column elementor-element elementor-element-7209749 mx-md-auto mx-lg-0\" data-id=\"7209749\" data-element_type=\"column\">\n\t\t\t\t\t<div class=\"elementor-widget-wrap elementor-element-populated\">\n\t\t\t\t\t\t\t\t<div class=\"elementor-element elementor-element-3652522 elementor-button-align-stretch elementor-widget elementor-widget-form\" data-id=\"3652522\" data-element_type=\"widget\" data-settings=\"{&quot;step_next_label&quot;:&quot;Siguiente&quot;,&quot;step_previous_label&quot;:&quot;Anterior&quot;,&quot;button_width&quot;:&quot;100&quot;,&quot;step_type&quot;:&quot;number_text&quot;,&quot;step_icon_shape&quot;:&quot;circle&quot;}\" data-widget_type=\"form.default\">\n\t\t\t\t<div class=\"elementor-widget-container\">\n\t\t\t\t\t\t\t<form class=\"elementor-form\" method=\"post\" name=\"Productos especiales\" action=\"\">\n\t\t\t<input type=\"hidden\" name=\"post_id\" value=\"72792\"\/>\n\t\t\t<input type=\"hidden\" name=\"form_id\" value=\"3652522\"\/>\n\t\t\t<input type=\"hidden\" name=\"referer_title\" value=\"\" \/>\n\n\t\t\t\n\t\t\t<div class=\"elementor-form-fields-wrapper elementor-labels-\">\n\t\t\t\t\t\t\t\t<div class=\"elementor-field-type-text elementor-field-group elementor-column elementor-field-group-name elementor-col-100\">\n\t\t\t\t\t\t\t\t\t\t\t\t<label for=\"form-field-name\" class=\"elementor-field-label elementor-screen-only\">\n\t\t\t\t\t\t\t\tName\t\t\t\t\t\t\t<\/label>\n\t\t\t\t\t\t\t\t\t\t\t\t\t\t<input size=\"1\" type=\"text\" name=\"form_fields[name]\" id=\"form-field-name\" class=\"elementor-field elementor-size-sm  elementor-field-textual\" placeholder=\"Name\">\n\t\t\t\t\t\t\t\t\t\t\t<\/div>\n\t\t\t\t\t\t\t\t<div class=\"elementor-field-type-email elementor-field-group elementor-column elementor-field-group-email elementor-col-100 elementor-field-required\">\n\t\t\t\t\t\t\t\t\t\t\t\t<label for=\"form-field-email\" class=\"elementor-field-label elementor-screen-only\">\n\t\t\t\t\t\t\t\tEmail\t\t\t\t\t\t\t<\/label>\n\t\t\t\t\t\t\t\t\t\t\t\t\t\t<input size=\"1\" type=\"email\" name=\"form_fields[email]\" id=\"form-field-email\" class=\"elementor-field elementor-size-sm  elementor-field-textual\" placeholder=\"E-mail address\" required=\"required\" aria-required=\"true\">\n\t\t\t\t\t\t\t\t\t\t\t<\/div>\n\t\t\t\t\t\t\t\t<div class=\"elementor-field-type-text elementor-field-group elementor-column elementor-field-group-field_48fd5a1 elementor-col-50 elementor-field-required\">\n\t\t\t\t\t\t\t\t\t\t\t\t<label for=\"form-field-field_48fd5a1\" class=\"elementor-field-label elementor-screen-only\">\n\t\t\t\t\t\t\t\tCompany\t\t\t\t\t\t\t<\/label>\n\t\t\t\t\t\t\t\t\t\t\t\t\t\t<input size=\"1\" type=\"text\" name=\"form_fields[field_48fd5a1]\" id=\"form-field-field_48fd5a1\" class=\"elementor-field elementor-size-sm  elementor-field-textual\" placeholder=\"Company\" required=\"required\" aria-required=\"true\">\n\t\t\t\t\t\t\t\t\t\t\t<\/div>\n\t\t\t\t\t\t\t\t<div class=\"elementor-field-type-tel elementor-field-group elementor-column elementor-field-group-field_9285c97 elementor-col-50 elementor-field-required\">\n\t\t\t\t\t\t\t\t\t\t\t\t<label for=\"form-field-field_9285c97\" class=\"elementor-field-label elementor-screen-only\">\n\t\t\t\t\t\t\t\tPhone\t\t\t\t\t\t\t<\/label>\n\t\t\t\t\t\t\t\t<input size=\"1\" type=\"tel\" name=\"form_fields[field_9285c97]\" id=\"form-field-field_9285c97\" class=\"elementor-field elementor-size-sm  elementor-field-textual\" placeholder=\"Phone\" required=\"required\" aria-required=\"true\" pattern=\"[0-9()#&amp;+*-=.]+\" title=\"Only numbers and phone characters (#, -, *, etc) are accepted.\">\n\n\t\t\t\t\t\t<\/div>\n\t\t\t\t\t\t\t\t<div class=\"elementor-field-type-textarea elementor-field-group elementor-column elementor-field-group-message elementor-col-100 elementor-field-required\">\n\t\t\t\t\t\t\t\t\t\t\t\t<label for=\"form-field-message\" class=\"elementor-field-label elementor-screen-only\">\n\t\t\t\t\t\t\t\tMessage\t\t\t\t\t\t\t<\/label>\n\t\t\t\t\t\t<textarea class=\"elementor-field-textual elementor-field  elementor-size-sm\" name=\"form_fields[message]\" id=\"form-field-message\" rows=\"7\" placeholder=\"Message\" required=\"required\" aria-required=\"true\"><\/textarea>\t\t\t\t<\/div>\n\t\t\t\t\t\t\t\t<div class=\"elementor-field-type-upload elementor-field-group elementor-column elementor-field-group-field_b3cc50f elementor-col-100\">\n\t\t\t\t\t\t\t\t\t\t\t\t<label for=\"form-field-field_b3cc50f\" class=\"elementor-field-label elementor-screen-only\">\n\t\t\t\t\t\t\t\tFIleUpload\t\t\t\t\t\t\t<\/label>\n\t\t\t\t\t\t\t\t<input type=\"file\" name=\"form_fields[field_b3cc50f][]\" id=\"form-field-field_b3cc50f\" class=\"elementor-field elementor-size-sm  elementor-upload-field\" multiple=\"multiple\" data-maxsize=\"3\" data-maxsize-message=\"This file exceeds the maximum allowed size.\">\n\n\t\t\t\t\t\t<\/div>\n\t\t\t\t\t\t\t\t<div class=\"elementor-field-type-recaptcha elementor-field-group elementor-column elementor-field-group-field_d15dc28 elementor-col-100\">\n\t\t\t\t\t<div class=\"elementor-field\" id=\"form-field-field_d15dc28\"><div class=\"elementor-g-recaptcha\" data-sitekey=\"6LelUIkgAAAAABUYylXqER68mG_EHRHXs-mlv5PU\" data-type=\"v2_checkbox\" data-theme=\"light\" data-size=\"normal\"><\/div><\/div>\t\t\t\t<\/div>\n\t\t\t\t\t\t\t\t<div class=\"elementor-field-group elementor-column elementor-field-type-submit elementor-col-100 e-form__buttons\">\n\t\t\t\t\t<button type=\"submit\" class=\"elementor-button elementor-size-sm\">\n\t\t\t\t\t\t<span >\n\t\t\t\t\t\t\t\t\t\t\t\t\t\t\t<span class=\"elementor-button-icon\">\n\t\t\t\t\t\t\t\t\t\t\t\t\t\t\t\t\t\t\t\t\t\t\t\t\t\t<\/span>\n\t\t\t\t\t\t\t\t\t\t\t\t\t\t\t\t\t\t\t\t\t\t<span class=\"elementor-button-text\">Send<\/span>\n\t\t\t\t\t\t\t\t\t\t\t\t\t<\/span>\n\t\t\t\t\t<\/button>\n\t\t\t\t<\/div>\n\t\t\t<\/div>\n\t\t<input type=\"hidden\" name=\"trp-form-language\" value=\"en\"\/><\/form>\n\t\t\t\t\t\t<\/div>\n\t\t\t\t<\/div>\n\t\t\t\t\t<\/div>\n\t\t\t\t<\/div>\n\t\t\t\t\t<\/div>\n\t\t\t\t<\/section>\n\t\t\t\t<\/div>","protected":false},"excerpt":{"rendered":"<p>La mejor respuesta a cualquier solicitud. Productos especiales Para\u00a0Proton Fasteners, cada\u00a0cliente y proyecto es \u00fanico. Seg\u00fan el plano y especificaciones, podemos producir la pieza seg\u00fan la necesidad del cliente. Nuestro departamento t\u00e9cnico proporcionar\u00e1 un estudio preciso para un proceso de producci\u00f3n detallado y cuidadoso. Nuestras f\u00e1bricas colaboradoras disponen de un exhaustivo programa de procesos seg\u00fan [&hellip;]<\/p>","protected":false},"author":40,"featured_media":0,"parent":0,"menu_order":0,"comment_status":"closed","ping_status":"closed","template":"elementor_header_footer","meta":{"_joinchat":[],"footnotes":""},"class_list":["post-72792","page","type-page","status-publish","hentry"],"acf":[],"_links":{"self":[{"href":"https:\/\/protonsl.com\/en\/wp-json\/wp\/v2\/pages\/72792","targetHints":{"allow":["GET"]}}],"collection":[{"href":"https:\/\/protonsl.com\/en\/wp-json\/wp\/v2\/pages"}],"about":[{"href":"https:\/\/protonsl.com\/en\/wp-json\/wp\/v2\/types\/page"}],"author":[{"embeddable":true,"href":"https:\/\/protonsl.com\/en\/wp-json\/wp\/v2\/users\/40"}],"replies":[{"embeddable":true,"href":"https:\/\/protonsl.com\/en\/wp-json\/wp\/v2\/comments?post=72792"}],"version-history":[{"count":0,"href":"https:\/\/protonsl.com\/en\/wp-json\/wp\/v2\/pages\/72792\/revisions"}],"wp:attachment":[{"href":"https:\/\/protonsl.com\/en\/wp-json\/wp\/v2\/media?parent=72792"}],"curies":[{"name":"wp","href":"https:\/\/api.w.org\/{rel}","templated":true}]}}