{"id":73419,"date":"2022-04-26T13:16:02","date_gmt":"2022-04-26T13:16:02","guid":{"rendered":"https:\/\/protonsl.com\/?page_id=73419"},"modified":"2022-04-26T13:21:25","modified_gmt":"2022-04-26T13:21:25","slug":"politique-de-cookies","status":"publish","type":"page","link":"https:\/\/protonsl.com\/en\/politique-de-cookies\/","title":{"rendered":"Politique de Cookies"},"content":{"rendered":"<div data-elementor-type=\"wp-page\" data-elementor-id=\"73419\" class=\"elementor elementor-73419\" data-elementor-post-type=\"page\">\n\t\t\t\t<section class=\"elementor-section elementor-top-section elementor-element elementor-element-2c6d5e27 elementor-section-boxed elementor-section-height-default elementor-section-height-default\" data-id=\"2c6d5e27\" data-element_type=\"section\">\n\t\t\n\t\t\t\t\t\t\t<div class=\"elementor-container elementor-column-gap-default\">\n\t\t\t\t\t\t\t\t\t\t\t<div class=\"elementor-column elementor-col-100 elementor-top-column elementor-element elementor-element-2ff6982e\" data-id=\"2ff6982e\" data-element_type=\"column\">\n\t\t\t\t\t<div class=\"elementor-widget-wrap elementor-element-populated\">\n\t\t\t\t\t\t\t\t<div class=\"elementor-element elementor-element-277159ea elementor-widget elementor-widget-text-editor\" data-id=\"277159ea\" data-element_type=\"widget\" data-widget_type=\"text-editor.default\">\n\t\t\t\t<div class=\"elementor-widget-container\"><p><span style=\"font-weight: 400;\">Cette politique en mati\u00e8re de cookies a \u00e9t\u00e9 mise \u00e0 jour le 14\/07\/2021 et s&#8217;applique aux citoyens et aux r\u00e9sidents l\u00e9gaux permanents de l&#8217;Espace \u00e9conomique europ\u00e9en.<\/span><\/p>\n<p>\u00a0<\/p>\n<ol>\n<li><b> introduction<\/b><\/li>\n<\/ol>\n<p><span style=\"font-weight: 400;\">Notre site web, https:\/\/protonsl.com (ci-apr\u00e8s : \u00able site web\u00bb) utilise des cookies et d&#8217;autres technologies connexes (par commodit\u00e9, toutes les technologies sont d\u00e9sign\u00e9es par le terme \u00abcookies\u00bb). Des cookies sont \u00e9galement plac\u00e9s par des tiers avec lesquels nous avons pass\u00e9 des contrats. Dans le document suivant, nous vous informons de l&#8217;utilisation des cookies sur notre site web.<\/span><\/p>\n<p>\u00a0<\/p>\n<p><b>2) Que sont les cookies ?<\/b><\/p>\n<p><span style=\"font-weight: 400;\">Un cookie est un petit fichier simple qui est envoy\u00e9 avec les pages de ce site web et stock\u00e9 par votre navigateur sur le disque dur de votre ordinateur ou autre appareil. Les informations stock\u00e9es peuvent \u00eatre renvoy\u00e9es \u00e0 nos serveurs ou aux serveurs de tiers concern\u00e9s lors d&#8217;une visite ult\u00e9rieure.<\/span><\/p>\n<p>\u00a0<\/p>\n<ol start=\"3\">\n<li><b> que sont les scripts ?<\/b><\/li>\n<\/ol>\n<p><span style=\"font-weight: 400;\">Un script est un morceau de code de programme qui est utilis\u00e9 pour faire fonctionner notre site web correctement et de mani\u00e8re interactive. Ce code est ex\u00e9cut\u00e9 sur notre serveur ou sur votre appareil.<\/span><\/p>\n<p>\u00a0<\/p>\n<ol start=\"4\">\n<li><b> qu&#8217;est-ce qu&#8217;une balise web ?<\/b><\/li>\n<\/ol>\n<p><span style=\"font-weight: 400;\">Une balise web (ou pixel tag) est un petit \u00e9l\u00e9ment invisible de texte ou d&#8217;image sur un site web qui est utilis\u00e9 pour suivre le trafic sur un site web. Pour ce faire, diverses donn\u00e9es vous concernant sont stock\u00e9es \u00e0 l&#8217;aide de balises web.<\/span><\/p>\n<p>\u00a0<\/p>\n<ol start=\"5\">\n<li><b> Cookies<\/b><\/li>\n<\/ol>\n<p><b>5.1 Cookies techniques ou fonctionnels<\/b><\/p>\n<p><span style=\"font-weight: 400;\">Certains cookies garantissent le bon fonctionnement de certaines parties du site web et la m\u00e9morisation de vos pr\u00e9f\u00e9rences d&#8217;utilisateur. En pla\u00e7ant des cookies fonctionnels, nous vous facilitons la visite de notre site web. De cette fa\u00e7on, vous ne devez pas saisir plusieurs fois les m\u00eames informations lorsque vous visitez notre site web et, par exemple, les articles restent dans votre panier jusqu&#8217;\u00e0 ce que vous ayez pay\u00e9. Nous pouvons placer ces cookies sans votre consentement.<\/span><\/p>\n<p>\u00a0<\/p>\n<p><b>5.2 Cookies statistiques<\/b><\/p>\n<p><span style=\"font-weight: 400;\">Nous utilisons des cookies statistiques pour optimiser l&#8217;exp\u00e9rience de nos utilisateurs sur le site web. Ces cookies statistiques nous permettent de mieux conna\u00eetre l&#8217;utilisation de notre site web. Nous vous demandons la permission de placer des cookies de statistiques.<\/span><\/p>\n<p>\u00a0<\/p>\n<p><b>5.3 Cookies de marketing\/tra\u00e7age<\/b><\/p>\n<p><span style=\"font-weight: 400;\">Les cookies de marketing\/tracking sont des cookies, ou toute autre forme de stockage local, utilis\u00e9s pour cr\u00e9er des profils d&#8217;utilisateurs afin d&#8217;afficher des publicit\u00e9s ou de suivre l&#8217;utilisateur sur ce site web ou sur divers sites web \u00e0 des fins de marketing similaires.<\/span><\/p>\n<p>\u00a0<\/p>\n<ol start=\"6\">\n<li><b> Cookies utilis\u00e9s<\/b><\/li>\n<\/ol>\n<p><span style=\"font-weight: 400;\">WooCommerce<\/span><\/p>\n<p><span style=\"font-weight: 400;\">Fonctionnel<\/span><\/p>\n<p><span style=\"font-weight: 400;\">Elementor<\/span><\/p>\n<p><span style=\"font-weight: 400;\">Statistiques (anonyme)<\/span><\/p>\n<p><span style=\"font-weight: 400;\">SiteGround<\/span><\/p>\n<p><span style=\"font-weight: 400;\">Fonctionnel<\/span><\/p>\n<p><span style=\"font-weight: 400;\">Divers<\/span><\/p>\n<p><span style=\"font-weight: 400;\">Objet de l&#8217;enqu\u00eate<\/span><\/p>\n<p>\u00a0<\/p>\n<ol start=\"7\">\n<li><b> Consentement<\/b><\/li>\n<\/ol>\n<p><span style=\"font-weight: 400;\">Lorsque vous visitez notre site web pour la premi\u00e8re fois, nous vous montrons une fen\u00eatre pop-up avec une explication sur les cookies. D\u00e8s que vous cliquez sur \u00abEnregistrer les pr\u00e9f\u00e9rences\u00bb, vous acceptez que nous utilisions les cat\u00e9gories de cookies et de plugins que vous avez s\u00e9lectionn\u00e9es dans la fen\u00eatre contextuelle, comme d\u00e9crit dans la pr\u00e9sente politique en mati\u00e8re de cookies. Vous pouvez d\u00e9sactiver l&#8217;utilisation des cookies via votre navigateur, mais veuillez noter que notre site web risque de ne plus fonctionner correctement.<\/span><\/p>\n<p>\u00a0<\/p>\n<p><b>7.1 G\u00e9rer vos param\u00e8tres de consentement<\/b><\/p>\n<p><span style=\"font-weight: 400;\">Fonctionnel<\/span><\/p>\n<p><span style=\"font-weight: 400;\">Statistiques<\/span><\/p>\n<p><span style=\"font-weight: 400;\">Marketing<\/span><\/p>\n<p>\u00a0<\/p>\n<ol start=\"8\">\n<li><b> Vos droits en mati\u00e8re de donn\u00e9es personnelles<\/b><\/li>\n<\/ol>\n<p><span style=\"font-weight: 400;\">Vous disposez des droits suivants en ce qui concerne vos donn\u00e9es personnelles :<\/span><\/p>\n<p>\u00a0<\/p>\n<ul>\n<li style=\"font-weight: 400;\" aria-level=\"1\"><span style=\"font-weight: 400;\">Vous avez le droit de savoir pourquoi vos donn\u00e9es personnelles sont n\u00e9cessaires, ce qu&#8217;il en adviendra et combien de temps elles seront conserv\u00e9es.<\/span><\/li>\n<li style=\"font-weight: 400;\" aria-level=\"1\"><span style=\"font-weight: 400;\">Droit d&#8217;acc\u00e8s : vous avez le droit d&#8217;acc\u00e9der aux donn\u00e9es personnelles que nous d\u00e9tenons \u00e0 votre sujet.<\/span><\/li>\n<li style=\"font-weight: 400;\" aria-level=\"1\"><span style=\"font-weight: 400;\">Droit de rectification : Vous avez le droit de compl\u00e9ter, rectifier, effacer ou bloquer vos donn\u00e9es personnelles \u00e0 tout moment.<\/span><\/li>\n<li style=\"font-weight: 400;\" aria-level=\"1\"><span style=\"font-weight: 400;\">Si vous nous donnez votre consentement pour traiter vos donn\u00e9es, vous avez le droit de r\u00e9voquer ce consentement et de faire supprimer vos donn\u00e9es personnelles.<\/span><\/li>\n<li style=\"font-weight: 400;\" aria-level=\"1\"><span style=\"font-weight: 400;\">Droit de transf\u00e9rer vos donn\u00e9es : vous avez le droit de demander au responsable du traitement toutes vos donn\u00e9es personnelles et de les transf\u00e9rer int\u00e9gralement \u00e0 un autre responsable du traitement.<\/span><\/li>\n<li style=\"font-weight: 400;\" aria-level=\"1\"><span style=\"font-weight: 400;\">Droit d&#8217;opposition : vous pouvez vous opposer au traitement de vos donn\u00e9es. Nous nous y conformons, \u00e0 moins qu&#8217;il n&#8217;existe des motifs justifi\u00e9s pour le traitement.<\/span><\/li>\n<\/ul>\n<p><span style=\"font-weight: 400;\">\u00a0<\/span><\/p>\n<p><span style=\"font-weight: 400;\">Pour exercer ces droits, veuillez nous contacter. Veuillez consulter les coordonn\u00e9es de contact au bas de la pr\u00e9sente politique en mati\u00e8re de cookies. Si vous avez des r\u00e9clamations \u00e0 formuler sur la fa\u00e7on dont nous traitons vos donn\u00e9es, nous aimerions les entendre, mais vous avez \u00e9galement le droit d&#8217;envoyer une plainte \u00e0 l&#8217;autorit\u00e9 de surveillance (l&#8217;autorit\u00e9 de protection des donn\u00e9es).<\/span><\/p>\n<p>\u00a0<\/p>\n<ol start=\"9\">\n<li><b> Activation, d\u00e9sactivation et suppression des cookies<\/b><\/li>\n<\/ol>\n<p><span style=\"font-weight: 400;\">Vous pouvez utiliser votre navigateur Internet pour supprimer les cookies automatiquement ou manuellement. Vous pouvez \u00e9galement sp\u00e9cifier que certains cookies ne peuvent pas \u00eatre plac\u00e9s. Vous pouvez \u00e9galement modifier les param\u00e8tres de votre navigateur Internet afin de recevoir un message chaque fois qu&#8217;un cookie est plac\u00e9. Pour plus d&#8217;informations sur ces options, veuillez-vous reporter aux instructions de la section \u00abAide\u00bb de votre navigateur.<\/span><\/p>\n<p>\u00a0<\/p>\n<p><span style=\"font-weight: 400;\">Veuillez noter que notre site web peut ne pas fonctionner correctement si tous les cookies sont d\u00e9sactiv\u00e9s. Si vous supprimez les cookies de votre navigateur, ils seront r\u00e9initialis\u00e9s apr\u00e8s votre consentement lorsque vous revisiterez nos sites web.<\/span><\/p>\n<p>\u00a0<\/p>\n<ol start=\"10\">\n<li><b> Coordonn\u00e9es de contact<\/b><\/li>\n<\/ol>\n<p><span style=\"font-weight: 400;\">Pour toute question et\/ou commentaire concernant notre politique en mati\u00e8re de cookies et la pr\u00e9sente d\u00e9claration, veuillez nous contacter en utilisant les coordonn\u00e9es ci-dessous :<\/span><\/p>\n<p><span style=\"font-weight: 400;\">Proton Fasteners SL<\/span><span style=\"font-weight: 400;\"><br \/><\/span><span style=\"font-weight: 400;\">Pol.Ind. Roquetes de Llobregat Nave 11. Sant Climent<\/span><span style=\"font-weight: 400;\"><br \/><\/span><span style=\"font-weight: 400;\">Espa\u00f1a<\/span><span style=\"font-weight: 400;\"><br \/><\/span><span style=\"font-weight: 400;\">Website:\u00a0<\/span><a href=\"https:\/\/protonsl.com\/en\/\"><span style=\"font-weight: 400;\">https:\/\/protonsl.com<\/span><\/a><span style=\"font-weight: 400;\">\u00a0<\/span><span style=\"font-weight: 400;\"><br \/><\/span><span style=\"font-weight: 400;\">Email:\u00a0<\/span><a href=\"mailto:comercial@protonsl.com\"><span style=\"font-weight: 400;\">comercial@protonsl.com<\/span><\/a><span style=\"font-weight: 400;\">\u00a0<\/span><span style=\"font-weight: 400;\"><br \/><\/span><span style=\"font-weight: 400;\">N\u00famero de tel\u00e9fono: +34 93 539 65 79<\/span><\/p>\n<p><span style=\"font-weight: 400;\">Cette politique en mati\u00e8re de cookies a \u00e9t\u00e9 synchronis\u00e9e avec<\/span><span style=\"font-weight: 400;\">\u00a0<\/span><a href=\"https:\/\/cookiedatabase.org\"><span style=\"font-weight: 400;\">cookiedatabase.org<\/span><\/a><span style=\"font-weight: 400;\">\u00a0<\/span><span style=\"font-weight: 400;\">le 14\/07\/2021.<\/span><\/p><\/div>\n\t\t\t\t<\/div>\n\t\t\t\t\t<\/div>\n\t\t\t\t<\/div>\n\t\t\t\t\t<\/div>\n\t\t\t\t<\/section>\t\t<\/div>","protected":false},"excerpt":{"rendered":"<p>Cette politique en mati\u00e8re de cookies a \u00e9t\u00e9 mise \u00e0 jour le 14\/07\/2021 et s&#8217;applique aux citoyens et aux r\u00e9sidents l\u00e9gaux permanents de l&#8217;Espace \u00e9conomique europ\u00e9en. \u00a0 introduction Notre site web, https:\/\/protonsl.com (ci-apr\u00e8s : \u00able site web\u00bb) utilise des cookies et d&#8217;autres technologies connexes (par commodit\u00e9, toutes les technologies sont d\u00e9sign\u00e9es par le terme \u00abcookies\u00bb). [&hellip;]<\/p>","protected":false},"author":40,"featured_media":0,"parent":0,"menu_order":0,"comment_status":"closed","ping_status":"closed","template":"","meta":{"_joinchat":[],"footnotes":""},"class_list":["post-73419","page","type-page","status-publish","hentry"],"acf":[],"_links":{"self":[{"href":"https:\/\/protonsl.com\/en\/wp-json\/wp\/v2\/pages\/73419","targetHints":{"allow":["GET"]}}],"collection":[{"href":"https:\/\/protonsl.com\/en\/wp-json\/wp\/v2\/pages"}],"about":[{"href":"https:\/\/protonsl.com\/en\/wp-json\/wp\/v2\/types\/page"}],"author":[{"embeddable":true,"href":"https:\/\/protonsl.com\/en\/wp-json\/wp\/v2\/users\/40"}],"replies":[{"embeddable":true,"href":"https:\/\/protonsl.com\/en\/wp-json\/wp\/v2\/comments?post=73419"}],"version-history":[{"count":0,"href":"https:\/\/protonsl.com\/en\/wp-json\/wp\/v2\/pages\/73419\/revisions"}],"wp:attachment":[{"href":"https:\/\/protonsl.com\/en\/wp-json\/wp\/v2\/media?parent=73419"}],"curies":[{"name":"wp","href":"https:\/\/api.w.org\/{rel}","templated":true}]}}