{"id":116243,"date":"2021-09-29T15:11:42","date_gmt":"2021-09-29T15:11:42","guid":{"rendered":"https:\/\/protonsl.com\/producto\/din-434-a-2-9-8-taper-a-2-pus\/"},"modified":"2021-09-29T15:11:42","modified_gmt":"2021-09-29T15:11:42","slug":"din-434-a-2-9-8-taper-a-2-pus","status":"publish","type":"product","link":"https:\/\/protonsl.com\/en\/product\/din-434-a-2-9-8-taper-a-2-pus\/","title":{"rendered":"DIN 434 A 2 9 8 % taper A 2 PU=S"},"content":{"rendered":"<p>DIN 434 A 2 Scheiben, vierkant, keilf\u00f6rmig 8 %, f\u00fcr U-Tr\u00e4ger dimension: 9 PU=S (50 pieces)<\/p>","protected":false},"excerpt":{"rendered":"<p>DIN 434 A 2 Scheiben, vierkant, keilf\u00f6rmig 8 %, f\u00fcr U-Tr\u00e4ger dimension: 9 PU=S (50 pieces)<\/p>","protected":false},"featured_media":0,"template":"","meta":{"_joinchat":[]},"product_brand":[],"product_cat":[19043],"product_tag":[],"medida":[11790],"recubrimiento":[15895],"calidad":[8695],"class_list":{"0":"post-116243","1":"product","2":"type-product","3":"status-publish","5":"product_cat-din-434","6":"medida-11790","7":"recubrimiento-sin-recubrimiento","8":"calidad-a2","10":"first","11":"outofstock","12":"purchasable","13":"product-type-simple"},"acf":[],"_links":{"self":[{"href":"https:\/\/protonsl.com\/en\/wp-json\/wp\/v2\/product\/116243","targetHints":{"allow":["GET"]}}],"collection":[{"href":"https:\/\/protonsl.com\/en\/wp-json\/wp\/v2\/product"}],"about":[{"href":"https:\/\/protonsl.com\/en\/wp-json\/wp\/v2\/types\/product"}],"wp:attachment":[{"href":"https:\/\/protonsl.com\/en\/wp-json\/wp\/v2\/media?parent=116243"}],"wp:term":[{"taxonomy":"product_brand","embeddable":true,"href":"https:\/\/protonsl.com\/en\/wp-json\/wp\/v2\/product_brand?post=116243"},{"taxonomy":"product_cat","embeddable":true,"href":"https:\/\/protonsl.com\/en\/wp-json\/wp\/v2\/product_cat?post=116243"},{"taxonomy":"product_tag","embeddable":true,"href":"https:\/\/protonsl.com\/en\/wp-json\/wp\/v2\/product_tag?post=116243"},{"taxonomy":"medida","embeddable":true,"href":"https:\/\/protonsl.com\/en\/wp-json\/wp\/v2\/medida?post=116243"},{"taxonomy":"recubrimiento","embeddable":true,"href":"https:\/\/protonsl.com\/en\/wp-json\/wp\/v2\/recubrimiento?post=116243"},{"taxonomy":"calidad","embeddable":true,"href":"https:\/\/protonsl.com\/en\/wp-json\/wp\/v2\/calidad?post=116243"}],"curies":[{"name":"wp","href":"https:\/\/api.w.org\/{rel}","templated":true}]}}