{"id":124217,"date":"2023-08-04T10:16:59","date_gmt":"2023-08-04T10:16:59","guid":{"rendered":"https:\/\/protonsl.com\/?page_id=124217"},"modified":"2023-08-16T11:11:47","modified_gmt":"2023-08-16T11:11:47","slug":"empresa-2","status":"publish","type":"page","link":"https:\/\/protonsl.com\/es_es\/empresa-2\/","title":{"rendered":"Empresa"},"content":{"rendered":"\t\t<div data-elementor-type=\"wp-page\" data-elementor-id=\"124217\" class=\"elementor elementor-124217\" data-elementor-post-type=\"page\">\n\t\t\t\t\t\t<section class=\"elementor-section elementor-top-section elementor-element elementor-element-ef6e6ee py-5 elementor-section-boxed elementor-section-height-default elementor-section-height-default\" data-id=\"ef6e6ee\" data-element_type=\"section\" data-e-type=\"section\">\n\t\t\n\t\t\t\t\t\t\t<div class=\"elementor-container elementor-column-gap-default\">\n\t\t\t\t\t\t\t\t\t\t\t<div class=\"elementor-column elementor-col-100 elementor-top-column elementor-element elementor-element-43d484f\" data-id=\"43d484f\" data-element_type=\"column\" data-e-type=\"column\">\n\t\t\t\t\t<div class=\"elementor-widget-wrap elementor-element-populated\">\n\t\t\t\t\t\t\t\t<div class=\"elementor-element elementor-element-c351090 elementor-widget elementor-widget-porto_ultimate_heading\" data-id=\"c351090\" data-element_type=\"widget\" data-e-type=\"widget\" data-widget_type=\"porto_ultimate_heading.default\">\n\t\t\t\t<div class=\"elementor-widget-container\">\n\t\t\t\t\t<div class=\"porto-u-heading  porto-u-3509\"><div class=\"porto-u-main-heading\"><h2 data-plugin-animated-letters data-plugin-options=\"{&quot;startDelay&quot;:0,&quot;minWindowWidth&quot;:0,&quot;animationName&quot;:&quot;fadeIn&quot;}\"  >PROTON FASTENERS<\/h2><\/div><style>.porto-u-3509.porto-u-heading{text-align:left}<\/style><\/div>\t\t\t\t<\/div>\n\t\t\t\t<\/div>\n\t\t\t\t<div class=\"elementor-element elementor-element-144dcfe elementor-widget elementor-widget-heading\" data-id=\"144dcfe\" data-element_type=\"widget\" data-e-type=\"widget\" data-widget_type=\"heading.default\">\n\t\t\t\t<div class=\"elementor-widget-container\">\n\t\t\t\t\t<h3 class=\"elementor-heading-title elementor-size-default\">Torniller\u00eda de alta resistencia\n<\/h3>\t\t\t\t<\/div>\n\t\t\t\t<\/div>\n\t\t\t\t<section class=\"elementor-section elementor-inner-section elementor-element elementor-element-c4b0550 elementor-section-boxed elementor-section-height-default elementor-section-height-default\" data-id=\"c4b0550\" data-element_type=\"section\" data-e-type=\"section\">\n\t\t\n\t\t\t\t\t\t\t<div class=\"elementor-container elementor-column-gap-default\">\n\t\t\t\t\t\t\t\t\t\t\t<div class=\"elementor-column elementor-col-50 elementor-inner-column elementor-element elementor-element-f7eae69 mb-2\" data-id=\"f7eae69\" data-element_type=\"column\" data-e-type=\"column\">\n\t\t\t\t\t<div class=\"elementor-widget-wrap elementor-element-populated\">\n\t\t\t\t\t\t\t\t<div class=\"elementor-element elementor-element-0ad1650 mb-4 elementor-widget elementor-widget-heading\" data-id=\"0ad1650\" data-element_type=\"widget\" data-e-type=\"widget\" data-widget_type=\"heading.default\">\n\t\t\t\t<div class=\"elementor-widget-container\">\n\t\t\t\t\t<p class=\"elementor-heading-title elementor-size-default\">Proton Fasteners S.L. es una empresa l\u00edder en el suministro de torniller\u00eda de alta resistencia. Nuestra sede central se encuentra estrat\u00e9gicamente ubicada en el Pol\u00edgono Industrial Las Salinas, en la Avda. Garraf 3B, Cubelles (Barcelona). Gracias a nuestra excelente ubicaci\u00f3n, estamos conectados a trav\u00e9s de las autov\u00edas A2, lo que nos permite contar con una eficiente conexi\u00f3n tanto con el aeropuerto como con el puerto de Barcelona y Tarragona.\n\nDesde nuestra fundaci\u00f3n en 2016, hemos acumulado una valiosa experiencia a trav\u00e9s de nuestros socios y el tiempo que hemos estado en el mercado. Cada a\u00f1o, hemos ido fortaleciendo nuestra competencia y mejorando la calidad de nuestros servicios. Actualmente, contamos con una impresionante instalaci\u00f3n de m\u00e1s de 400 metros cuadrados, desde donde operamos en toda Espa\u00f1a, Portugal y Francia.\n\nNuestra presencia internacional se extiende a diferentes territorios, abarcando Europa y Estados Unidos. En estos mercados, nuestros clientes pertenecen a diversos sectores, entre los que destacan:<\/p>\t\t\t\t<\/div>\n\t\t\t\t<\/div>\n\t\t\t\t<div class=\"elementor-element elementor-element-c3ef785 pb-2 elementor-icon-list--layout-traditional elementor-list-item-link-full_width elementor-invisible elementor-widget elementor-widget-icon-list\" data-id=\"c3ef785\" data-element_type=\"widget\" data-e-type=\"widget\" data-settings=\"{&quot;_animation&quot;:&quot;fadeInUp&quot;,&quot;_animation_delay&quot;:200}\" data-widget_type=\"icon-list.default\">\n\t\t\t\t<div class=\"elementor-widget-container\">\n\t\t\t\t\t\t\t<ul class=\"elementor-icon-list-items\">\n\t\t\t\t\t\t\t<li class=\"elementor-icon-list-item\">\n\t\t\t\t\t\t\t\t\t\t\t<span class=\"elementor-icon-list-icon\">\n\t\t\t\t\t\t\t<i aria-hidden=\"true\" class=\"fas fa-check\"><\/i>\t\t\t\t\t\t<\/span>\n\t\t\t\t\t\t\t\t\t\t<span class=\"elementor-icon-list-text\">Automoci\u00f3n<\/span>\n\t\t\t\t\t\t\t\t\t<\/li>\n\t\t\t\t\t\t\t\t<li class=\"elementor-icon-list-item\">\n\t\t\t\t\t\t\t\t\t\t\t<span class=\"elementor-icon-list-icon\">\n\t\t\t\t\t\t\t<i aria-hidden=\"true\" class=\"fas fa-check\"><\/i>\t\t\t\t\t\t<\/span>\n\t\t\t\t\t\t\t\t\t\t<span class=\"elementor-icon-list-text\">Construcci\u00f3n<\/span>\n\t\t\t\t\t\t\t\t\t<\/li>\n\t\t\t\t\t\t\t\t<li class=\"elementor-icon-list-item\">\n\t\t\t\t\t\t\t\t\t\t\t<span class=\"elementor-icon-list-icon\">\n\t\t\t\t\t\t\t<i aria-hidden=\"true\" class=\"fas fa-check\"><\/i>\t\t\t\t\t\t<\/span>\n\t\t\t\t\t\t\t\t\t\t<span class=\"elementor-icon-list-text\">E\u00f3lico<\/span>\n\t\t\t\t\t\t\t\t\t<\/li>\n\t\t\t\t\t\t\t\t<li class=\"elementor-icon-list-item\">\n\t\t\t\t\t\t\t\t\t\t\t<span class=\"elementor-icon-list-icon\">\n\t\t\t\t\t\t\t<i aria-hidden=\"true\" class=\"fas fa-check\"><\/i>\t\t\t\t\t\t<\/span>\n\t\t\t\t\t\t\t\t\t\t<span class=\"elementor-icon-list-text\">Agr\u00edcola<\/span>\n\t\t\t\t\t\t\t\t\t<\/li>\n\t\t\t\t\t\t\t\t<li class=\"elementor-icon-list-item\">\n\t\t\t\t\t\t\t\t\t\t\t<span class=\"elementor-icon-list-icon\">\n\t\t\t\t\t\t\t<i aria-hidden=\"true\" class=\"fas fa-check\"><\/i>\t\t\t\t\t\t<\/span>\n\t\t\t\t\t\t\t\t\t\t<span class=\"elementor-icon-list-text\">Petroqu\u00edmico<\/span>\n\t\t\t\t\t\t\t\t\t<\/li>\n\t\t\t\t\t\t<\/ul>\n\t\t\t\t\t\t<\/div>\n\t\t\t\t<\/div>\n\t\t\t\t\t<\/div>\n\t\t\t\t<\/div>\n\t\t\t\t<div class=\"elementor-column elementor-col-50 elementor-inner-column elementor-element elementor-element-1c31a85\" data-id=\"1c31a85\" data-element_type=\"column\" data-e-type=\"column\">\n\t\t\t\t\t<div class=\"elementor-widget-wrap elementor-element-populated\">\n\t\t\t\t\t\t\t\t<div class=\"elementor-element elementor-element-0cabc85 box-shadow-1 ml-lg-3 p-3 elementor-widget elementor-widget-image\" data-id=\"0cabc85\" data-element_type=\"widget\" data-e-type=\"widget\" data-widget_type=\"image.default\">\n\t\t\t\t<div class=\"elementor-widget-container\">\n\t\t\t\t\t\t\t\t\t\t\t\t\t\t\t<img fetchpriority=\"high\" decoding=\"async\" width=\"1800\" height=\"1800\" src=\"https:\/\/protonsl.com\/wp-content\/uploads\/2021\/09\/Din-981-zinc.png\" class=\"attachment-full size-full wp-image-72484\" alt=\"\" srcset=\"https:\/\/protonsl.com\/wp-content\/uploads\/2021\/09\/Din-981-zinc.png 1800w, https:\/\/protonsl.com\/wp-content\/uploads\/2021\/09\/Din-981-zinc-1024x1024.png 1024w, https:\/\/protonsl.com\/wp-content\/uploads\/2021\/09\/Din-981-zinc-768x768.png 768w, https:\/\/protonsl.com\/wp-content\/uploads\/2021\/09\/Din-981-zinc-1536x1536.png 1536w, https:\/\/protonsl.com\/wp-content\/uploads\/2021\/09\/Din-981-zinc-640x640.png 640w, https:\/\/protonsl.com\/wp-content\/uploads\/2021\/09\/Din-981-zinc-400x400.png 400w, https:\/\/protonsl.com\/wp-content\/uploads\/2021\/09\/Din-981-zinc-600x600.png 600w\" sizes=\"(max-width: 1800px) 100vw, 1800px\" \/>\t\t\t\t\t\t\t\t\t\t\t\t\t\t\t<\/div>\n\t\t\t\t<\/div>\n\t\t\t\t\t<\/div>\n\t\t\t\t<\/div>\n\t\t\t\t\t<\/div>\n\t\t\t\t<\/section>\n\t\t\t\t<section class=\"elementor-section elementor-inner-section elementor-element elementor-element-5fe33a2 elementor-section-boxed elementor-section-height-default elementor-section-height-default\" data-id=\"5fe33a2\" data-element_type=\"section\" data-e-type=\"section\">\n\t\t\n\t\t\t\t\t\t\t<div class=\"elementor-container elementor-column-gap-default\">\n\t\t\t\t\t\t\t\t\t\t\t<div class=\"elementor-column elementor-col-100 elementor-inner-column elementor-element elementor-element-0646ed5 mb-2\" data-id=\"0646ed5\" data-element_type=\"column\" data-e-type=\"column\">\n\t\t\t\t\t<div class=\"elementor-widget-wrap elementor-element-populated\">\n\t\t\t\t\t\t\t\t<div class=\"elementor-element elementor-element-5e9e0e3 mb-4 elementor-widget elementor-widget-heading\" data-id=\"5e9e0e3\" data-element_type=\"widget\" data-e-type=\"widget\" data-widget_type=\"heading.default\">\n\t\t\t\t<div class=\"elementor-widget-container\">\n\t\t\t\t\t<p class=\"elementor-heading-title elementor-size-default\">Proton Fasteners trabaja con normas DIN-ISO-EN y piezas especiales bajo plano realizadas por f\u00e1bricas colaboradoras homologadas por nuestra norma ISO 9001:2015. \n<br><br>\nA nuestros clientes le ofrecemos unos m\u00e9todos flexibles de cooperaci\u00f3n con una gesti\u00f3n de compras 24\/7 con entregas programadas, donde obtienen beneficios:\n<\/p>\t\t\t\t<\/div>\n\t\t\t\t<\/div>\n\t\t\t\t<div class=\"elementor-element elementor-element-0d3c6aa pb-2 elementor-icon-list--layout-traditional elementor-list-item-link-full_width elementor-invisible elementor-widget elementor-widget-icon-list\" data-id=\"0d3c6aa\" data-element_type=\"widget\" data-e-type=\"widget\" data-settings=\"{&quot;_animation&quot;:&quot;fadeInUp&quot;,&quot;_animation_delay&quot;:200}\" data-widget_type=\"icon-list.default\">\n\t\t\t\t<div class=\"elementor-widget-container\">\n\t\t\t\t\t\t\t<ul class=\"elementor-icon-list-items\">\n\t\t\t\t\t\t\t<li class=\"elementor-icon-list-item\">\n\t\t\t\t\t\t\t\t\t\t\t<span class=\"elementor-icon-list-icon\">\n\t\t\t\t\t\t\t<i aria-hidden=\"true\" class=\"fas fa-check\"><\/i>\t\t\t\t\t\t<\/span>\n\t\t\t\t\t\t\t\t\t\t<span class=\"elementor-icon-list-text\">Aumento de ventas<\/span>\n\t\t\t\t\t\t\t\t\t<\/li>\n\t\t\t\t\t\t\t\t<li class=\"elementor-icon-list-item\">\n\t\t\t\t\t\t\t\t\t\t\t<span class=\"elementor-icon-list-icon\">\n\t\t\t\t\t\t\t<i aria-hidden=\"true\" class=\"fas fa-check\"><\/i>\t\t\t\t\t\t<\/span>\n\t\t\t\t\t\t\t\t\t\t<span class=\"elementor-icon-list-text\">Reducci\u00f3n de costes<\/span>\n\t\t\t\t\t\t\t\t\t<\/li>\n\t\t\t\t\t\t\t\t<li class=\"elementor-icon-list-item\">\n\t\t\t\t\t\t\t\t\t\t\t<span class=\"elementor-icon-list-icon\">\n\t\t\t\t\t\t\t<i aria-hidden=\"true\" class=\"fas fa-check\"><\/i>\t\t\t\t\t\t<\/span>\n\t\t\t\t\t\t\t\t\t\t<span class=\"elementor-icon-list-text\">Mejora de producci\u00f3n<\/span>\n\t\t\t\t\t\t\t\t\t<\/li>\n\t\t\t\t\t\t\t\t<li class=\"elementor-icon-list-item\">\n\t\t\t\t\t\t\t\t\t\t\t<span class=\"elementor-icon-list-icon\">\n\t\t\t\t\t\t\t<i aria-hidden=\"true\" class=\"fas fa-check\"><\/i>\t\t\t\t\t\t<\/span>\n\t\t\t\t\t\t\t\t\t\t<span class=\"elementor-icon-list-text\">Control de stock<\/span>\n\t\t\t\t\t\t\t\t\t<\/li>\n\t\t\t\t\t\t<\/ul>\n\t\t\t\t\t\t<\/div>\n\t\t\t\t<\/div>\n\t\t\t\t<div class=\"elementor-element elementor-element-c409445 mb-4 elementor-widget elementor-widget-heading\" data-id=\"c409445\" data-element_type=\"widget\" data-e-type=\"widget\" data-widget_type=\"heading.default\">\n\t\t\t\t<div class=\"elementor-widget-container\">\n\t\t\t\t\t<p class=\"elementor-heading-title elementor-size-default\">En la actualidad continuamos en pleno desarrollo de mejoras para poder trasladar a nuestros clientes, interesantes oportunidades de negocio, siempre buscando conseguir su satisfacci\u00f3n. <\/p>\t\t\t\t<\/div>\n\t\t\t\t<\/div>\n\t\t\t\t\t<\/div>\n\t\t\t\t<\/div>\n\t\t\t\t\t<\/div>\n\t\t\t\t<\/section>\n\t\t\t\t\t<\/div>\n\t\t\t\t<\/div>\n\t\t\t\t\t<\/div>\n\t\t\t\t<\/section>\n\t\t\t\t<section class=\"elementor-section elementor-top-section elementor-element elementor-element-ad0b900 elementor-section-boxed elementor-section-height-default elementor-section-height-default\" data-id=\"ad0b900\" data-element_type=\"section\" data-e-type=\"section\">\n\t\t\n\t\t\t\t\t\t\t<div class=\"elementor-container elementor-column-gap-no\">\n\t\t\t\t\t\t\t\t\t\t\t<div class=\"elementor-column elementor-col-100 elementor-top-column elementor-element elementor-element-1ba4ebc\" data-id=\"1ba4ebc\" data-element_type=\"column\" data-e-type=\"column\" data-settings=\"{&quot;background_background&quot;:&quot;classic&quot;}\">\n\t\t\t\t\t<div class=\"elementor-widget-wrap elementor-element-populated\">\n\t\t\t\t\t\t\t\t<div class=\"elementor-element elementor-element-c73a655 elementor-invisible elementor-widget elementor-widget-porto_ultimate_heading\" data-id=\"c73a655\" data-element_type=\"widget\" data-e-type=\"widget\" data-settings=\"{&quot;_animation&quot;:&quot;fadeInLeft&quot;,&quot;_animation_delay&quot;:300}\" data-widget_type=\"porto_ultimate_heading.default\">\n\t\t\t\t<div class=\"elementor-widget-container\">\n\t\t\t\t\t<div class=\"porto-u-heading  porto-u-9427\"><div class=\"porto-u-main-heading\"><h2    style=\"margin-bottom: 1.5rem;\">Misi\u00f3n<\/h2><\/div><div class=\"porto-u-sub-heading\" style=\"\"><p style=\"text-align: justify;\"><strong>Proton Fasteners S.L<\/strong>. una empresa dedicada a la comercializaci\u00f3n y\u00a0<strong>distribuci\u00f3n<\/strong>\u00a0de\u00a0<strong>torniller\u00eda de alta resistencia<\/strong>, ofrecemos una servicio integral a empresas y profesionales de cualquier sector.<\/p><p style=\"text-align: justify;\">Nuestras f\u00e1bricas colaboradoras nos garantizan un producto de calidad, que nos permite garantizar a nuestro cliente una mejora en sus proyectos, productos y posici\u00f3n competitiva en el mercado.<\/p><\/div><style>.porto-u-9427.porto-u-heading{text-align:left}<\/style><\/div>\t\t\t\t<\/div>\n\t\t\t\t<\/div>\n\t\t\t\t\t<\/div>\n\t\t\t\t<\/div>\n\t\t\t\t\t<\/div>\n\t\t\t\t<\/section>\n\t\t\t\t<section class=\"elementor-section elementor-top-section elementor-element elementor-element-a970dc6 elementor-section-boxed elementor-section-height-default elementor-section-height-default\" data-id=\"a970dc6\" data-element_type=\"section\" data-e-type=\"section\">\n\t\t\n\t\t\t\t\t\t\t<div class=\"elementor-container elementor-column-gap-no\">\n\t\t\t\t\t\t\t\t\t\t\t<div class=\"elementor-column elementor-col-100 elementor-top-column elementor-element elementor-element-310df96\" data-id=\"310df96\" data-element_type=\"column\" data-e-type=\"column\" data-settings=\"{&quot;background_background&quot;:&quot;classic&quot;}\">\n\t\t\t\t\t<div class=\"elementor-widget-wrap elementor-element-populated\">\n\t\t\t\t\t\t\t\t<div class=\"elementor-element elementor-element-600f21f elementor-invisible elementor-widget elementor-widget-porto_ultimate_heading\" data-id=\"600f21f\" data-element_type=\"widget\" data-e-type=\"widget\" data-settings=\"{&quot;_animation&quot;:&quot;fadeInLeft&quot;,&quot;_animation_delay&quot;:300}\" data-widget_type=\"porto_ultimate_heading.default\">\n\t\t\t\t<div class=\"elementor-widget-container\">\n\t\t\t\t\t<div class=\"porto-u-heading  porto-u-7925\"><div class=\"porto-u-main-heading\"><h2    style=\"margin-bottom: 1.5rem;\">Visi\u00f3n<\/h2><\/div><div class=\"porto-u-sub-heading\" style=\"\"><p>Ser un referente en el mercado y constituirnos en el proveedor principal para sus mejoras de procesos de negocio.<\/p><\/div><style>.porto-u-7925.porto-u-heading{text-align:left}<\/style><\/div>\t\t\t\t<\/div>\n\t\t\t\t<\/div>\n\t\t\t\t\t<\/div>\n\t\t\t\t<\/div>\n\t\t\t\t\t<\/div>\n\t\t\t\t<\/section>\n\t\t\t\t<section class=\"elementor-section elementor-top-section elementor-element elementor-element-bb943f9 elementor-section-boxed elementor-section-height-default elementor-section-height-default\" data-id=\"bb943f9\" data-element_type=\"section\" data-e-type=\"section\">\n\t\t\n\t\t\t\t\t\t\t<div class=\"elementor-container elementor-column-gap-no\">\n\t\t\t\t\t\t\t\t\t\t\t<div class=\"elementor-column elementor-col-100 elementor-top-column elementor-element elementor-element-d42d234\" data-id=\"d42d234\" data-element_type=\"column\" data-e-type=\"column\" data-settings=\"{&quot;background_background&quot;:&quot;classic&quot;}\">\n\t\t\t\t\t<div class=\"elementor-widget-wrap elementor-element-populated\">\n\t\t\t\t\t\t\t\t<div class=\"elementor-element elementor-element-144c1cf elementor-invisible elementor-widget elementor-widget-porto_ultimate_heading\" data-id=\"144c1cf\" data-element_type=\"widget\" data-e-type=\"widget\" data-settings=\"{&quot;_animation&quot;:&quot;fadeInLeft&quot;,&quot;_animation_delay&quot;:300}\" data-widget_type=\"porto_ultimate_heading.default\">\n\t\t\t\t<div class=\"elementor-widget-container\">\n\t\t\t\t\t<div class=\"porto-u-heading  porto-u-3088\"><div class=\"porto-u-main-heading\"><h2    style=\"margin-bottom: 1.5rem;\">Valores<\/h2><\/div><div class=\"porto-u-sub-heading\" style=\"\"><ul><li style=\"text-align: justify;\"><em>Experiencia<\/em>: La experiencia acumulada durante a\u00f1os en los diferentes sectores nos posicionan en una empresa cualificada y competitiva.<\/li><li style=\"text-align: justify;\"><em>Servicio integral:<\/em>\u00a0Nos implicamos en los proyectos ofreciendo un asesoramiento t\u00e9cnico, la venta del material y la continua comunicaci\u00f3n.<\/li><li style=\"text-align: justify;\"><em>Trabajo en Equipo:<\/em>\u00a0el mayor capital de\u00a0<strong>PROTON FASTENERS<\/strong>\u00a0en nuestro equipo humano, por ello trabajamos en equipo para conseguir los mayores logros.<\/li><li style=\"text-align: justify;\"><em>Dedicaci\u00f3n:<\/em> Desde el primer contacto con nuestro cliente nos involucramos dedicando todo el tiempo y esfuerzo necesario para obtener el mejor resultado posible.<\/li><li style=\"text-align: justify;\"><em>Calidad:<\/em>\u00a0Nuestra gesti\u00f3n, productos y el servicio que realizamos est\u00e1n certificados de una alta calidad, trabajamos para la satisfacci\u00f3n total de nuestros clientes.<\/li><\/ul><\/div><style>.porto-u-3088.porto-u-heading{text-align:left}<\/style><\/div>\t\t\t\t<\/div>\n\t\t\t\t<\/div>\n\t\t\t\t\t<\/div>\n\t\t\t\t<\/div>\n\t\t\t\t\t<\/div>\n\t\t\t\t<\/section>\n\t\t\t\t<section class=\"elementor-section elementor-top-section elementor-element elementor-element-3bc162d elementor-section-boxed elementor-section-height-default elementor-section-height-default\" data-id=\"3bc162d\" data-element_type=\"section\" data-e-type=\"section\">\n\t\t\n\t\t\t\t\t\t\t<div class=\"elementor-container elementor-column-gap-default\">\n\t\t\t\t\t\t\t\t\t\t\t<div class=\"elementor-column elementor-col-100 elementor-top-column elementor-element elementor-element-a53a231\" data-id=\"a53a231\" data-element_type=\"column\" data-e-type=\"column\">\n\t\t\t\t\t<div class=\"elementor-widget-wrap elementor-element-populated\">\n\t\t\t\t\t\t\t\t<div class=\"elementor-element elementor-element-4ffd911 elementor-widget elementor-widget-porto_fancytext\" data-id=\"4ffd911\" data-element_type=\"widget\" data-e-type=\"widget\" data-widget_type=\"porto_fancytext.default\">\n\t\t\t\t<div class=\"elementor-widget-container\">\n\t\t\t\t\t<h4 class=\"word-rotator slide\" style=\"text-align:center;\" data-plugin-options=\"{'waittime': 2500, 'pauseOnHover': false}\"><span class=\"word-rotator-items\" style=\"\"><b class=\"active\">Nos complace informarle que Proton Fasteners S.L. ha obtenido la certificaci\u00f3n ISO 9001:2015, un logro significativo que refleja nuestro compromiso con la calidad y la mejora continua en nuestros procesos y servicios.<\/b><\/span><\/h4>\t\t\t\t<\/div>\n\t\t\t\t<\/div>\n\t\t\t\t\t<\/div>\n\t\t\t\t<\/div>\n\t\t\t\t\t<\/div>\n\t\t\t\t<\/section>\n\t\t\t\t<section class=\"elementor-section elementor-top-section elementor-element elementor-element-8c482ae elementor-section-content-middle elementor-section-boxed elementor-section-height-default elementor-section-height-default\" data-id=\"8c482ae\" data-element_type=\"section\" data-e-type=\"section\" id=\"certificado-iso\">\n\t\t\n\t\t\t\t\t\t\t<div class=\"elementor-container elementor-column-gap-default\">\n\t\t\t\t\t\t\t\t\t\t\t<div class=\"elementor-column elementor-col-50 elementor-top-column elementor-element elementor-element-c3fee07\" data-id=\"c3fee07\" data-element_type=\"column\" data-e-type=\"column\">\n\t\t\t\t\t<div class=\"elementor-widget-wrap elementor-element-populated\">\n\t\t\t\t\t\t\t\t<div class=\"elementor-element elementor-element-97d60ce elementor-widget elementor-widget-porto_button\" data-id=\"97d60ce\" data-element_type=\"widget\" data-e-type=\"widget\" data-widget_type=\"porto_button.default\">\n\t\t\t\t<div class=\"elementor-widget-container\">\n\t\t\t\t\t<a aria-label=\"button\" class=\"btn btn-xl btn-primary btn-block btn-icon\" href=\"https:\/\/protonsl.com\/wp-content\/uploads\/2023\/08\/9001-CAST-PROTON-FASTENERS_signed.pdf\" target=\"_blank\"><i class=\"far fa-file-alt\"><\/i><span >Descargar Certificado Norma ISO 9001:2015<\/span><span class=\"dir-arrow hlb\" data-appear-animation-delay=\"800\" data-appear-animation=\"rotateInUpLeft\"><\/span><\/a>\t\t\t\t<\/div>\n\t\t\t\t<\/div>\n\t\t\t\t\t<\/div>\n\t\t\t\t<\/div>\n\t\t\t\t<div class=\"elementor-column elementor-col-50 elementor-top-column elementor-element elementor-element-22fc87a\" data-id=\"22fc87a\" data-element_type=\"column\" data-e-type=\"column\">\n\t\t\t\t\t<div class=\"elementor-widget-wrap elementor-element-populated\">\n\t\t\t\t\t\t\t\t<div class=\"elementor-element elementor-element-b6eff94 elementor-widget elementor-widget-image\" data-id=\"b6eff94\" data-element_type=\"widget\" data-e-type=\"widget\" data-widget_type=\"image.default\">\n\t\t\t\t<div class=\"elementor-widget-container\">\n\t\t\t\t\t\t\t\t\t\t\t\t\t\t\t<img decoding=\"async\" width=\"172\" height=\"300\" src=\"https:\/\/protonsl.com\/wp-content\/uploads\/2021\/07\/ISO_9001-SN_RGB-172x300.png\" class=\"attachment-medium size-medium wp-image-782\" alt=\"\" \/>\t\t\t\t\t\t\t\t\t\t\t\t\t\t\t<\/div>\n\t\t\t\t<\/div>\n\t\t\t\t\t<\/div>\n\t\t\t\t<\/div>\n\t\t\t\t\t<\/div>\n\t\t\t\t<\/section>\n\t\t\t\t<section class=\"elementor-section elementor-top-section elementor-element elementor-element-ba3925b elementor-section-boxed elementor-section-height-default elementor-section-height-default\" data-id=\"ba3925b\" data-element_type=\"section\" data-e-type=\"section\">\n\t\t\n\t\t\t\t\t\t\t<div class=\"elementor-container elementor-column-gap-default\">\n\t\t\t\t\t\t\t\t\t\t\t<div class=\"elementor-column elementor-col-100 elementor-top-column elementor-element elementor-element-635a24e\" data-id=\"635a24e\" data-element_type=\"column\" data-e-type=\"column\">\n\t\t\t\t\t<div class=\"elementor-widget-wrap elementor-element-populated\">\n\t\t\t\t\t\t\t\t<div class=\"elementor-element elementor-element-aed7502 elementor-widget elementor-widget-porto_info_box\" data-id=\"aed7502\" data-element_type=\"widget\" data-e-type=\"widget\" data-widget_type=\"porto_info_box.default\">\n\t\t\t\t<div class=\"elementor-widget-container\">\n\t\t\t\t\t<div class=\"porto-sicon-box style_1 default-icon\"><div class=\"porto-sicon-default\"><div class=\"porto-just-icon-wrapper porto-icon none\" style=\"\"><i class=\"fas fa-star\"><\/i><\/div><\/div><\/div><!-- porto-sicon-box -->\t\t\t\t<\/div>\n\t\t\t\t<\/div>\n\t\t\t\t\t<\/div>\n\t\t\t\t<\/div>\n\t\t\t\t\t<\/div>\n\t\t\t\t<\/section>\n\t\t\t\t<section class=\"elementor-section elementor-top-section elementor-element elementor-element-d85b654 elementor-section-boxed elementor-section-height-default elementor-section-height-default\" data-id=\"d85b654\" data-element_type=\"section\" data-e-type=\"section\">\n\t\t\n\t\t\t\t\t\t\t<div class=\"elementor-container elementor-column-gap-default\">\n\t\t\t\t\t\t\t\t\t\t\t<div class=\"elementor-column elementor-col-100 elementor-top-column elementor-element elementor-element-068d234\" data-id=\"068d234\" data-element_type=\"column\" data-e-type=\"column\">\n\t\t\t\t\t<div class=\"elementor-widget-wrap elementor-element-populated\">\n\t\t\t\t\t\t\t\t<div class=\"elementor-element elementor-element-9775250 elementor-widget elementor-widget-porto_price_box\" data-id=\"9775250\" data-element_type=\"widget\" data-e-type=\"widget\" data-widget_type=\"porto_price_box.default\">\n\t\t\t\t<div class=\"elementor-widget-container\">\n\t\t\t\t\t<div class=\"pricing-table\"><div class=\"porto-price-box plan  plan-custom\"><h3><strong >Professional<\/strong><em class=\"desc\">Most Popular<\/em><\/h3><ul>\r\n\t\t\t\t\t\t\t<li><strong>5GB<\/strong> Disk Space<\/li>\r\n\t\t\t\t\t\t\t<li><strong>50GB<\/strong> Monthly Bandwidth<\/li>\r\n\t\t\t\t\t\t\t<li><strong>10<\/strong> Email Accounts<\/li>\r\n\t\t\t\t\t\t\t<li><strong>Unlimited<\/strong> subdomains<\/li>\r\n\t\t\t\t\t\t<\/ul><\/div><\/div>\t\t\t\t<\/div>\n\t\t\t\t<\/div>\n\t\t\t\t\t<\/div>\n\t\t\t\t<\/div>\n\t\t\t\t\t<\/div>\n\t\t\t\t<\/section>\n\t\t\t\t<\/div>\n\t\t","protected":false},"excerpt":{"rendered":"<p>PROTON FASTENERS Torniller\u00eda de alta resistencia Proton Fasteners S.L. es una empresa l\u00edder en el suministro de torniller\u00eda de alta resistencia. Nuestra sede central se encuentra estrat\u00e9gicamente ubicada en el Pol\u00edgono Industrial Las Salinas, en la Avda. Garraf 3B, Cubelles (Barcelona). Gracias a nuestra excelente ubicaci\u00f3n, estamos conectados a trav\u00e9s de las autov\u00edas A2, lo [&hellip;]<\/p>\n","protected":false},"author":40,"featured_media":0,"parent":0,"menu_order":0,"comment_status":"closed","ping_status":"closed","template":"","meta":{"_joinchat":[],"footnotes":""},"class_list":["post-124217","page","type-page","status-publish","hentry"],"acf":[],"_links":{"self":[{"href":"https:\/\/protonsl.com\/es_es\/wp-json\/wp\/v2\/pages\/124217","targetHints":{"allow":["GET"]}}],"collection":[{"href":"https:\/\/protonsl.com\/es_es\/wp-json\/wp\/v2\/pages"}],"about":[{"href":"https:\/\/protonsl.com\/es_es\/wp-json\/wp\/v2\/types\/page"}],"author":[{"embeddable":true,"href":"https:\/\/protonsl.com\/es_es\/wp-json\/wp\/v2\/users\/40"}],"replies":[{"embeddable":true,"href":"https:\/\/protonsl.com\/es_es\/wp-json\/wp\/v2\/comments?post=124217"}],"version-history":[{"count":21,"href":"https:\/\/protonsl.com\/es_es\/wp-json\/wp\/v2\/pages\/124217\/revisions"}],"predecessor-version":[{"id":124275,"href":"https:\/\/protonsl.com\/es_es\/wp-json\/wp\/v2\/pages\/124217\/revisions\/124275"}],"wp:attachment":[{"href":"https:\/\/protonsl.com\/es_es\/wp-json\/wp\/v2\/media?parent=124217"}],"curies":[{"name":"wp","href":"https:\/\/api.w.org\/{rel}","templated":true}]}}