{"id":6,"date":"2020-06-04T08:45:09","date_gmt":"2020-06-04T08:45:09","guid":{"rendered":"https:\/\/sgwpdemo.com\/default\/wpforms-preview\/"},"modified":"2024-09-23T19:16:59","modified_gmt":"2024-09-23T19:16:59","slug":"empresa","status":"publish","type":"page","link":"https:\/\/protonsl.com\/es_es\/empresa\/","title":{"rendered":"Empresa"},"content":{"rendered":"<h2>PROTON FASTENERS<\/h2>\n<style>.porto-u-5143.porto-u-heading{text-align:left}<\/style>\n<h3>Torniller\u00eda de alta resistencia<\/h3>\n<p>Proton Fasteners S.L. es una empresa dedicada a la importaci\u00f3n y distribuci\u00f3n de torniller\u00eda de alta resistencia.<\/p>\n<p>Estamos ubicados en Cubelles (Barcelona). Conectados por las autov\u00edas A2 y C32, a 12km del aeropuerto de Barcelona y a 40km del puerto de Barcelona.<\/p>\n<p>Fundada en el a\u00f1o 2016, con la experiencia de nuestros socios y la que hemos obtenido durante este tiempo, hemos incrementado cada a\u00f1o nuestra competencia y calidad de servicio, actualmente contamos con 200mt\u00b2 y hemos aumentado la plantilla contando con agentes en Espa\u00f1a, Portugal y Francia.<\/p>\n<p>Nuestros clientes est\u00e1n distribuidos en diferentes territorios como Europa y EEUU., y en diferentes sectores:<\/p>\n<ul>\n<li>Construcci\u00f3n<\/li>\n<li>E\u00f3lico<\/li>\n<li>Petroqu\u00edmico<\/li>\n<\/ul>\n<p><img fetchpriority=\"high\" decoding=\"async\" class=\"alignnone size-medium wp-image-125459\" src=\"https:\/\/protonsl.com\/wp-content\/uploads\/2024\/09\/Photoroom_20240829_150458-300x300.jpg\" alt=\"\" width=\"300\" height=\"300\" \/><\/p>\n<p>Proton Fasteners trabaja con normas DIN-ISO-EN y piezas especiales bajo plano realizadas por f\u00e1bricas colaboradoras homologadas por nuestra norma ISO 9001:2015.<\/p>\n<p>A nuestros clientes le ofrecemos unos m\u00e9todos flexibles de cooperaci\u00f3n con una gesti\u00f3n de compras 24\/7 con entregas programadas, donde obtienen beneficios:<\/p>\n<ul>\n<li>Aumento de ventas<\/li>\n<li>Reducci\u00f3n de costes<\/li>\n<li>Mejora de producci\u00f3n<\/li>\n<li>Control de stock<\/li>\n<\/ul>\n<p>En la actualidad continuamos en pleno desarrollo de mejoras para poder trasladar a nuestros clientes, interesantes oportunidades de negocio, siempre buscando conseguir su satisfacci\u00f3n.<\/p>\n<h2 style=\"margin-bottom: 1.5rem;\">Misi\u00f3n<\/h2>\n<p><strong>Proton Fasteners S.L<\/strong>. una empresa dedicada a la comercializaci\u00f3n y\u00a0<strong>distribuci\u00f3n<\/strong>\u00a0de\u00a0<strong>torniller\u00eda de alta resistencia<\/strong>, ofrecemos una servicio integral a empresas y profesionales de cualquier sector.<\/p>\n<p>Nuestras f\u00e1bricas colaboradoras nos garantizan un producto de calidad, que nos permite garantizar a nuestro cliente una mejora en sus proyectos, productos y posici\u00f3n competitiva en el mercado.<\/p>\n<style>.porto-u-5934.porto-u-heading{text-align:left}<\/style>\n<h2 style=\"margin-bottom: 1.5rem;\">Visi\u00f3n<\/h2>\n<p>Ser un referente en el mercado y constituirnos en el proveedor principal para sus mejoras de procesos de negocio.<\/p>\n<style>.porto-u-7571.porto-u-heading{text-align:left}<\/style>\n<h2 style=\"margin-bottom: 1.5rem;\">Valores<\/h2>\n<ul>\n<li><em>Experiencia<\/em>: La experiencia acumulada durante a\u00f1os en los diferentes sectores nos posicionan en una empresa cualificada y competitiva.<\/li>\n<li><em>Servicio integral:<\/em>\u00a0Nos implicamos en los proyectos ofreciendo un asesoramiento t\u00e9cnico, la venta del material y la continua comunicaci\u00f3n.<\/li>\n<li><em>Trabajo en Equipo:<\/em>\u00a0el mayor capital de\u00a0<strong>PROTON FASTENERS<\/strong>\u00a0en nuestro equipo humano, por ello trabajamos en equipo para conseguir los mayores logros.<\/li>\n<li><em>Dedicaci\u00f3n:<\/em> Desde el primer contacto con nuestro cliente nos involucramos dedicando todo el tiempo y esfuerzo necesario para obtener el mejor resultado posible.<\/li>\n<li><em>Calidad:<\/em>\u00a0Nuestra gesti\u00f3n, productos y el servicio que realizamos est\u00e1n certificados de una alta calidad, trabajamos para la satisfacci\u00f3n total de nuestros clientes.<\/li>\n<\/ul>\n<style>.porto-u-3604.porto-u-heading{text-align:left}<\/style>\n<p><a href=\"https:\/\/protonsl.com\/wp-content\/uploads\/2023\/08\/9001-CAST-PROTON-FASTENERS_signed.pdf\" target=\"_blank\" rel=\"noopener\" aria-label=\"button\">Certificado Norma ISO 9001:2015<\/a><br \/>\n<img decoding=\"async\" src=\"https:\/\/protonsl.com\/wp-content\/uploads\/2021\/07\/ISO_9001-SN_RGB-172x300.png\" alt=\"\" width=\"172\" height=\"300\" \/><\/p>\n","protected":false},"excerpt":{"rendered":"<p>PROTON FASTENERS Torniller\u00eda de alta resistencia Proton Fasteners S.L. es una empresa dedicada a la importaci\u00f3n y distribuci\u00f3n de torniller\u00eda de alta resistencia. Estamos ubicados en Cubelles (Barcelona). Conectados por las autov\u00edas A2 y C32, a 12km del aeropuerto de Barcelona y a 40km del puerto de Barcelona. Fundada en el a\u00f1o 2016, con la [&hellip;]<\/p>\n","protected":false},"author":40,"featured_media":0,"parent":0,"menu_order":0,"comment_status":"closed","ping_status":"closed","template":"","meta":{"_joinchat":[],"footnotes":""},"class_list":["post-6","page","type-page","status-publish","hentry"],"acf":[],"_links":{"self":[{"href":"https:\/\/protonsl.com\/es_es\/wp-json\/wp\/v2\/pages\/6","targetHints":{"allow":["GET"]}}],"collection":[{"href":"https:\/\/protonsl.com\/es_es\/wp-json\/wp\/v2\/pages"}],"about":[{"href":"https:\/\/protonsl.com\/es_es\/wp-json\/wp\/v2\/types\/page"}],"author":[{"embeddable":true,"href":"https:\/\/protonsl.com\/es_es\/wp-json\/wp\/v2\/users\/40"}],"replies":[{"embeddable":true,"href":"https:\/\/protonsl.com\/es_es\/wp-json\/wp\/v2\/comments?post=6"}],"version-history":[{"count":7,"href":"https:\/\/protonsl.com\/es_es\/wp-json\/wp\/v2\/pages\/6\/revisions"}],"predecessor-version":[{"id":125494,"href":"https:\/\/protonsl.com\/es_es\/wp-json\/wp\/v2\/pages\/6\/revisions\/125494"}],"wp:attachment":[{"href":"https:\/\/protonsl.com\/es_es\/wp-json\/wp\/v2\/media?parent=6"}],"curies":[{"name":"wp","href":"https:\/\/api.w.org\/{rel}","templated":true}]}}