{"id":75162,"date":"2022-05-11T14:08:10","date_gmt":"2022-05-11T14:08:10","guid":{"rendered":"https:\/\/protonsl.com\/?page_id=75162"},"modified":"2024-09-23T19:28:25","modified_gmt":"2024-09-23T19:28:25","slug":"societe","status":"publish","type":"page","link":"https:\/\/protonsl.com\/es_es\/societe\/","title":{"rendered":"Societ\u00e9"},"content":{"rendered":"\t\t<div data-elementor-type=\"wp-page\" data-elementor-id=\"75162\" class=\"elementor elementor-75162\" data-elementor-post-type=\"page\">\n\t\t\t\t\t\t<section class=\"elementor-section elementor-top-section elementor-element elementor-element-ef6e6ee py-5 elementor-section-boxed elementor-section-height-default elementor-section-height-default\" data-id=\"ef6e6ee\" data-element_type=\"section\">\n\t\t\n\t\t\t\t\t\t\t<div class=\"elementor-container elementor-column-gap-default\">\n\t\t\t\t\t\t\t\t\t\t\t<div class=\"elementor-column elementor-col-100 elementor-top-column elementor-element elementor-element-43d484f\" data-id=\"43d484f\" data-element_type=\"column\">\n\t\t\t\t\t<div class=\"elementor-widget-wrap elementor-element-populated\">\n\t\t\t\t\t\t\t\t<div class=\"elementor-element elementor-element-c351090 elementor-widget elementor-widget-porto_ultimate_heading\" data-id=\"c351090\" data-element_type=\"widget\" data-widget_type=\"porto_ultimate_heading.default\">\n\t\t\t\t<div class=\"elementor-widget-container\">\n\t\t\t\t\t<div class=\"porto-u-heading  porto-u-5352\"><div class=\"porto-u-main-heading\"><h2   >PROTON FASTENERS<\/h2><\/div><style>.porto-u-5352.porto-u-heading{text-align:left}<\/style><\/div>\t\t\t\t<\/div>\n\t\t\t\t<\/div>\n\t\t\t\t<div class=\"elementor-element elementor-element-144dcfe elementor-widget elementor-widget-heading\" data-id=\"144dcfe\" data-element_type=\"widget\" data-widget_type=\"heading.default\">\n\t\t\t\t<div class=\"elementor-widget-container\">\n\t\t\t\t\t<h3 class=\"elementor-heading-title elementor-size-default\">Vis \u00e0 haute r\u00e9sistance<\/h3>\t\t\t\t<\/div>\n\t\t\t\t<\/div>\n\t\t\t\t<div class=\"elementor-element elementor-element-7fba69a mb-2 elementor-widget elementor-widget-heading\" data-id=\"7fba69a\" data-element_type=\"widget\" data-widget_type=\"heading.default\">\n\t\t\t\t<div class=\"elementor-widget-container\">\n\t\t\t\t\t<p class=\"elementor-heading-title elementor-size-default\">Proton Fasteners S.L. est une entreprise d\u00e9di\u00e9e \u00e0 la fourniture de mat\u00e9riel de haute r\u00e9sistance.\n<\/p>\t\t\t\t<\/div>\n\t\t\t\t<\/div>\n\t\t\t\t<section class=\"elementor-section elementor-inner-section elementor-element elementor-element-c4b0550 elementor-section-boxed elementor-section-height-default elementor-section-height-default\" data-id=\"c4b0550\" data-element_type=\"section\">\n\t\t\n\t\t\t\t\t\t\t<div class=\"elementor-container elementor-column-gap-default\">\n\t\t\t\t\t\t\t\t\t\t\t<div class=\"elementor-column elementor-col-50 elementor-inner-column elementor-element elementor-element-f7eae69 mb-2\" data-id=\"f7eae69\" data-element_type=\"column\">\n\t\t\t\t\t<div class=\"elementor-widget-wrap elementor-element-populated\">\n\t\t\t\t\t\t\t\t<div class=\"elementor-element elementor-element-0ad1650 mb-4 elementor-widget elementor-widget-heading\" data-id=\"0ad1650\" data-element_type=\"widget\" data-widget_type=\"heading.default\">\n\t\t\t\t<div class=\"elementor-widget-container\">\n\t\t\t\t\t<p class=\"elementor-heading-title elementor-size-default\">Nous sommes situ\u00e9s \u00e0 Cubelles (Barcelone). Reli\u00e9 par les autoroutes A2 et C32, \u00e0 40 de l'a\u00e9roport de Barcelone et \u00e0 40 km du port de Barcelone.\n<br><br>\nFond\u00e9e en 2016, avec l'exp\u00e9rience de nos partenaires et celle que nous avons acquise pendant ces ann\u00e9es, nous avons augment\u00e9 nos comp\u00e9tences et notre qualit\u00e9 de service d\u2019ann\u00e9e en ann\u00e9e, et constitu\u00e9 un r\u00e9seau d\u2019agents en Espagne et au Portugal.\n\n<br><br>\nNos clients sont r\u00e9partis sur diff\u00e9rents territoires tels que l'Europe et les \u00c9tats-Unis, et dans diff\u00e9rents secteurs :<\/p>\t\t\t\t<\/div>\n\t\t\t\t<\/div>\n\t\t\t\t<div class=\"elementor-element elementor-element-c3ef785 pb-2 elementor-icon-list--layout-traditional elementor-list-item-link-full_width elementor-invisible elementor-widget elementor-widget-icon-list\" data-id=\"c3ef785\" data-element_type=\"widget\" data-settings=\"{&quot;_animation&quot;:&quot;fadeInUp&quot;,&quot;_animation_delay&quot;:200}\" data-widget_type=\"icon-list.default\">\n\t\t\t\t<div class=\"elementor-widget-container\">\n\t\t\t\t\t\t\t<ul class=\"elementor-icon-list-items\">\n\t\t\t\t\t\t\t<li class=\"elementor-icon-list-item\">\n\t\t\t\t\t\t\t\t\t\t\t<span class=\"elementor-icon-list-icon\">\n\t\t\t\t\t\t\t<i aria-hidden=\"true\" class=\"fas fa-check\"><\/i>\t\t\t\t\t\t<\/span>\n\t\t\t\t\t\t\t\t\t\t<span class=\"elementor-icon-list-text\">Construction<\/span>\n\t\t\t\t\t\t\t\t\t<\/li>\n\t\t\t\t\t\t\t\t<li class=\"elementor-icon-list-item\">\n\t\t\t\t\t\t\t\t\t\t\t<span class=\"elementor-icon-list-icon\">\n\t\t\t\t\t\t\t<i aria-hidden=\"true\" class=\"fas fa-check\"><\/i>\t\t\t\t\t\t<\/span>\n\t\t\t\t\t\t\t\t\t\t<span class=\"elementor-icon-list-text\">\u00c9olienne<\/span>\n\t\t\t\t\t\t\t\t\t<\/li>\n\t\t\t\t\t\t\t\t<li class=\"elementor-icon-list-item\">\n\t\t\t\t\t\t\t\t\t\t\t<span class=\"elementor-icon-list-icon\">\n\t\t\t\t\t\t\t<i aria-hidden=\"true\" class=\"fas fa-check\"><\/i>\t\t\t\t\t\t<\/span>\n\t\t\t\t\t\t\t\t\t\t<span class=\"elementor-icon-list-text\">P\u00e9trochimie<\/span>\n\t\t\t\t\t\t\t\t\t<\/li>\n\t\t\t\t\t\t<\/ul>\n\t\t\t\t\t\t<\/div>\n\t\t\t\t<\/div>\n\t\t\t\t\t<\/div>\n\t\t\t\t<\/div>\n\t\t\t\t<div class=\"elementor-column elementor-col-50 elementor-inner-column elementor-element elementor-element-1c31a85\" data-id=\"1c31a85\" data-element_type=\"column\">\n\t\t\t\t\t<div class=\"elementor-widget-wrap elementor-element-populated\">\n\t\t\t\t\t\t\t\t<div class=\"elementor-element elementor-element-0cabc85 box-shadow-1 ml-lg-3 p-3 elementor-widget elementor-widget-image\" data-id=\"0cabc85\" data-element_type=\"widget\" data-widget_type=\"image.default\">\n\t\t\t\t<div class=\"elementor-widget-container\">\n\t\t\t\t\t\t\t\t\t\t\t\t\t\t\t<img fetchpriority=\"high\" decoding=\"async\" width=\"1512\" height=\"1512\" src=\"https:\/\/protonsl.com\/wp-content\/uploads\/2024\/09\/Photoroom_20240829_150458.jpg\" class=\"attachment-full size-full wp-image-125459\" alt=\"\" srcset=\"https:\/\/protonsl.com\/wp-content\/uploads\/2024\/09\/Photoroom_20240829_150458.jpg 1512w, https:\/\/protonsl.com\/wp-content\/uploads\/2024\/09\/Photoroom_20240829_150458-1024x1024.jpg 1024w, https:\/\/protonsl.com\/wp-content\/uploads\/2024\/09\/Photoroom_20240829_150458-768x768.jpg 768w, https:\/\/protonsl.com\/wp-content\/uploads\/2024\/09\/Photoroom_20240829_150458-640x640.jpg 640w, https:\/\/protonsl.com\/wp-content\/uploads\/2024\/09\/Photoroom_20240829_150458-400x400.jpg 400w, https:\/\/protonsl.com\/wp-content\/uploads\/2024\/09\/Photoroom_20240829_150458-600x600.jpg 600w\" sizes=\"(max-width: 1512px) 100vw, 1512px\" \/>\t\t\t\t\t\t\t\t\t\t\t\t\t\t\t<\/div>\n\t\t\t\t<\/div>\n\t\t\t\t\t<\/div>\n\t\t\t\t<\/div>\n\t\t\t\t\t<\/div>\n\t\t\t\t<\/section>\n\t\t\t\t<section class=\"elementor-section elementor-inner-section elementor-element elementor-element-5fe33a2 elementor-section-boxed elementor-section-height-default elementor-section-height-default\" data-id=\"5fe33a2\" data-element_type=\"section\">\n\t\t\n\t\t\t\t\t\t\t<div class=\"elementor-container elementor-column-gap-default\">\n\t\t\t\t\t\t\t\t\t\t\t<div class=\"elementor-column elementor-col-100 elementor-inner-column elementor-element elementor-element-0646ed5 mb-2\" data-id=\"0646ed5\" data-element_type=\"column\">\n\t\t\t\t\t<div class=\"elementor-widget-wrap elementor-element-populated\">\n\t\t\t\t\t\t\t\t<div class=\"elementor-element elementor-element-5e9e0e3 mb-4 elementor-widget elementor-widget-heading\" data-id=\"5e9e0e3\" data-element_type=\"widget\" data-widget_type=\"heading.default\">\n\t\t\t\t<div class=\"elementor-widget-container\">\n\t\t\t\t\t<p class=\"elementor-heading-title elementor-size-default\">Proton Fasteners travaille avec les normes DIN-ISO-EN et des pi\u00e8ces sp\u00e9ciales fabriqu\u00e9es sur commande par des usines collaboratrices approuv\u00e9es par notre syst\u00e8me qualit\u00e9 certifi\u00e9 ISO 9001 : 2015.\n<br><br>\nNous proposons \u00e0 nos clients des modes de coop\u00e9ration flexibles avec une gestion des achats 24h\/24 et 7j\/7 avec des livraisons programm\u00e9es, o\u00f9 ils obtiennent des avantages :\n<\/p>\t\t\t\t<\/div>\n\t\t\t\t<\/div>\n\t\t\t\t<div class=\"elementor-element elementor-element-0d3c6aa pb-2 elementor-icon-list--layout-traditional elementor-list-item-link-full_width elementor-invisible elementor-widget elementor-widget-icon-list\" data-id=\"0d3c6aa\" data-element_type=\"widget\" data-settings=\"{&quot;_animation&quot;:&quot;fadeInUp&quot;,&quot;_animation_delay&quot;:200}\" data-widget_type=\"icon-list.default\">\n\t\t\t\t<div class=\"elementor-widget-container\">\n\t\t\t\t\t\t\t<ul class=\"elementor-icon-list-items\">\n\t\t\t\t\t\t\t<li class=\"elementor-icon-list-item\">\n\t\t\t\t\t\t\t\t\t\t\t<span class=\"elementor-icon-list-icon\">\n\t\t\t\t\t\t\t<i aria-hidden=\"true\" class=\"fas fa-check\"><\/i>\t\t\t\t\t\t<\/span>\n\t\t\t\t\t\t\t\t\t\t<span class=\"elementor-icon-list-text\">Augmentation des ventes<\/span>\n\t\t\t\t\t\t\t\t\t<\/li>\n\t\t\t\t\t\t\t\t<li class=\"elementor-icon-list-item\">\n\t\t\t\t\t\t\t\t\t\t\t<span class=\"elementor-icon-list-icon\">\n\t\t\t\t\t\t\t<i aria-hidden=\"true\" class=\"fas fa-check\"><\/i>\t\t\t\t\t\t<\/span>\n\t\t\t\t\t\t\t\t\t\t<span class=\"elementor-icon-list-text\">R\u00e9duction des co\u00fbts<\/span>\n\t\t\t\t\t\t\t\t\t<\/li>\n\t\t\t\t\t\t\t\t<li class=\"elementor-icon-list-item\">\n\t\t\t\t\t\t\t\t\t\t\t<span class=\"elementor-icon-list-icon\">\n\t\t\t\t\t\t\t<i aria-hidden=\"true\" class=\"fas fa-check\"><\/i>\t\t\t\t\t\t<\/span>\n\t\t\t\t\t\t\t\t\t\t<span class=\"elementor-icon-list-text\">Am\u00e9lioration de la production<\/span>\n\t\t\t\t\t\t\t\t\t<\/li>\n\t\t\t\t\t\t\t\t<li class=\"elementor-icon-list-item\">\n\t\t\t\t\t\t\t\t\t\t\t<span class=\"elementor-icon-list-icon\">\n\t\t\t\t\t\t\t<i aria-hidden=\"true\" class=\"fas fa-check\"><\/i>\t\t\t\t\t\t<\/span>\n\t\t\t\t\t\t\t\t\t\t<span class=\"elementor-icon-list-text\">Contr\u00f4le des stocks<\/span>\n\t\t\t\t\t\t\t\t\t<\/li>\n\t\t\t\t\t\t<\/ul>\n\t\t\t\t\t\t<\/div>\n\t\t\t\t<\/div>\n\t\t\t\t<div class=\"elementor-element elementor-element-c409445 mb-4 elementor-widget elementor-widget-heading\" data-id=\"c409445\" data-element_type=\"widget\" data-widget_type=\"heading.default\">\n\t\t\t\t<div class=\"elementor-widget-container\">\n\t\t\t\t\t<p class=\"elementor-heading-title elementor-size-default\">Actuellement, nous continuons notre d\u00e9veloppement pour \u00eatre en mesure de transmettre des opportunit\u00e9s commerciales int\u00e9ressantes \u00e0 nos clients, cherchant toujours \u00e0 obtenir leur satisfaction.\n<\/p>\t\t\t\t<\/div>\n\t\t\t\t<\/div>\n\t\t\t\t\t<\/div>\n\t\t\t\t<\/div>\n\t\t\t\t\t<\/div>\n\t\t\t\t<\/section>\n\t\t\t\t\t<\/div>\n\t\t\t\t<\/div>\n\t\t\t\t\t<\/div>\n\t\t\t\t<\/section>\n\t\t\t\t<section class=\"elementor-section elementor-top-section elementor-element elementor-element-ad0b900 elementor-section-boxed elementor-section-height-default elementor-section-height-default\" data-id=\"ad0b900\" data-element_type=\"section\">\n\t\t\n\t\t\t\t\t\t\t<div class=\"elementor-container elementor-column-gap-no\">\n\t\t\t\t\t\t\t\t\t\t\t<div class=\"elementor-column elementor-col-100 elementor-top-column elementor-element elementor-element-1ba4ebc\" data-id=\"1ba4ebc\" data-element_type=\"column\" data-settings=\"{&quot;background_background&quot;:&quot;classic&quot;}\">\n\t\t\t\t\t<div class=\"elementor-widget-wrap elementor-element-populated\">\n\t\t\t\t\t\t\t\t<div class=\"elementor-element elementor-element-c73a655 elementor-invisible elementor-widget elementor-widget-porto_ultimate_heading\" data-id=\"c73a655\" data-element_type=\"widget\" data-settings=\"{&quot;_animation&quot;:&quot;fadeInLeft&quot;,&quot;_animation_delay&quot;:300}\" data-widget_type=\"porto_ultimate_heading.default\">\n\t\t\t\t<div class=\"elementor-widget-container\">\n\t\t\t\t\t<div class=\"porto-u-heading  porto-u-4044\"><div class=\"porto-u-main-heading\"><h2    style=\"margin-bottom: 1.5rem;\">Mision<\/h2><\/div><div class=\"porto-u-sub-heading\" style=\"\"><p>Proton Fasteners S.L. est une entreprise d\u00e9di\u00e9e \u00e0 la commercialisation et \u00e0 la distribution de fixations de haute r\u00e9sistance, nous offrons un service complet aux entreprises et aux professionnels de tout secteur.<\/p><p>Nos usines collaboratrices nous garantissent un produit de qualit\u00e9, ce qui nous permet de garantir \u00e0 nos clients une am\u00e9lioration de leurs projets, de leurs produits et de leur position concurrentielle sur le march\u00e9.<\/p><\/div><style>.porto-u-4044.porto-u-heading{text-align:left}<\/style><\/div>\t\t\t\t<\/div>\n\t\t\t\t<\/div>\n\t\t\t\t\t<\/div>\n\t\t\t\t<\/div>\n\t\t\t\t\t<\/div>\n\t\t\t\t<\/section>\n\t\t\t\t<section class=\"elementor-section elementor-top-section elementor-element elementor-element-a970dc6 elementor-section-boxed elementor-section-height-default elementor-section-height-default\" data-id=\"a970dc6\" data-element_type=\"section\">\n\t\t\n\t\t\t\t\t\t\t<div class=\"elementor-container elementor-column-gap-no\">\n\t\t\t\t\t\t\t\t\t\t\t<div class=\"elementor-column elementor-col-100 elementor-top-column elementor-element elementor-element-310df96\" data-id=\"310df96\" data-element_type=\"column\" data-settings=\"{&quot;background_background&quot;:&quot;classic&quot;}\">\n\t\t\t\t\t<div class=\"elementor-widget-wrap elementor-element-populated\">\n\t\t\t\t\t\t\t\t<div class=\"elementor-element elementor-element-600f21f elementor-invisible elementor-widget elementor-widget-porto_ultimate_heading\" data-id=\"600f21f\" data-element_type=\"widget\" data-settings=\"{&quot;_animation&quot;:&quot;fadeInLeft&quot;,&quot;_animation_delay&quot;:300}\" data-widget_type=\"porto_ultimate_heading.default\">\n\t\t\t\t<div class=\"elementor-widget-container\">\n\t\t\t\t\t<div class=\"porto-u-heading  porto-u-7114\"><div class=\"porto-u-main-heading\"><h2    style=\"margin-bottom: 1.5rem;\">Vision<\/h2><\/div><div class=\"porto-u-sub-heading\" style=\"\"><p>\u00catre une r\u00e9f\u00e9rence sur le march\u00e9 et devenir le principal fournisseur pour l'am\u00e9lioration de vos processus d'entreprise.<\/p><\/div><style>.porto-u-7114.porto-u-heading{text-align:left}<\/style><\/div>\t\t\t\t<\/div>\n\t\t\t\t<\/div>\n\t\t\t\t\t<\/div>\n\t\t\t\t<\/div>\n\t\t\t\t\t<\/div>\n\t\t\t\t<\/section>\n\t\t\t\t<section class=\"elementor-section elementor-top-section elementor-element elementor-element-bb943f9 elementor-section-boxed elementor-section-height-default elementor-section-height-default\" data-id=\"bb943f9\" data-element_type=\"section\">\n\t\t\n\t\t\t\t\t\t\t<div class=\"elementor-container elementor-column-gap-no\">\n\t\t\t\t\t\t\t\t\t\t\t<div class=\"elementor-column elementor-col-100 elementor-top-column elementor-element elementor-element-d42d234\" data-id=\"d42d234\" data-element_type=\"column\" data-settings=\"{&quot;background_background&quot;:&quot;classic&quot;}\">\n\t\t\t\t\t<div class=\"elementor-widget-wrap elementor-element-populated\">\n\t\t\t\t\t\t\t\t<div class=\"elementor-element elementor-element-144c1cf elementor-invisible elementor-widget elementor-widget-porto_ultimate_heading\" data-id=\"144c1cf\" data-element_type=\"widget\" data-settings=\"{&quot;_animation&quot;:&quot;fadeInLeft&quot;,&quot;_animation_delay&quot;:300}\" data-widget_type=\"porto_ultimate_heading.default\">\n\t\t\t\t<div class=\"elementor-widget-container\">\n\t\t\t\t\t<div class=\"porto-u-heading  porto-u-2433\"><div class=\"porto-u-main-heading\"><h2    style=\"margin-bottom: 1.5rem;\">Valeurs<\/h2><\/div><div class=\"porto-u-sub-heading\" style=\"\"><ul><li><p>Exp\u00e9rience : L'exp\u00e9rience accumul\u00e9e au fil des ans dans diff\u00e9rents secteurs fait de nous une entreprise qualifi\u00e9e et comp\u00e9titive.<\/p><\/li><li><p>Service complet : nous nous impliquons dans les projets en offrant des conseils techniques, la vente de mat\u00e9riel et une communication continue.<\/p><\/li><li><p>Travail d'\u00e9quipe : Le plus grand atout de PROTON FASTENERS est son \u00e9quipe humaine, c'est pourquoi nous travaillons en \u00e9quipe pour obtenir les meilleurs r\u00e9sultats.<\/p><\/li><li><p>D\u00e9vouement : D\u00e8s le premier contact avec notre client, nous nous impliquons en consacrant tout le temps et les efforts n\u00e9cessaires pour obtenir le meilleur r\u00e9sultat possible.<\/p><\/li><li><p>Qualit\u00e9 : Notre gestion, nos produits et le service que nous fournissons sont certifi\u00e9s de haute qualit\u00e9, nous travaillons pour la satisfaction totale de nos clients.<\/p><p>\u00a0<\/p><\/li><\/ul><\/div><style>.porto-u-2433.porto-u-heading{text-align:left}<\/style><\/div>\t\t\t\t<\/div>\n\t\t\t\t<\/div>\n\t\t\t\t\t<\/div>\n\t\t\t\t<\/div>\n\t\t\t\t\t<\/div>\n\t\t\t\t<\/section>\n\t\t\t\t<section class=\"elementor-section elementor-top-section elementor-element elementor-element-8c482ae elementor-section-content-middle elementor-section-boxed elementor-section-height-default elementor-section-height-default\" data-id=\"8c482ae\" data-element_type=\"section\" id=\"certificado-iso\">\n\t\t\n\t\t\t\t\t\t\t<div class=\"elementor-container elementor-column-gap-default\">\n\t\t\t\t\t\t\t\t\t\t\t<div class=\"elementor-column elementor-col-50 elementor-top-column elementor-element elementor-element-c3fee07\" data-id=\"c3fee07\" data-element_type=\"column\">\n\t\t\t\t\t<div class=\"elementor-widget-wrap elementor-element-populated\">\n\t\t\t\t\t\t\t\t<div class=\"elementor-element elementor-element-97d60ce elementor-widget elementor-widget-porto_button\" data-id=\"97d60ce\" data-element_type=\"widget\" data-widget_type=\"porto_button.default\">\n\t\t\t\t<div class=\"elementor-widget-container\">\n\t\t\t\t\t<a aria-label=\"button\" class=\"btn btn-xl btn-primary btn-block btn-icon\" href=\"https:\/\/protonsl.com\/wp-content\/uploads\/2023\/08\/9001-FRA-PROTON-FASTENERS_signed.pdf\" target=\"_blank\"><i class=\"far fa-file-alt\"><\/i><span >Certificat de la norme ISO 9001:2015<\/span><span class=\"dir-arrow hlb\" data-appear-animation-delay=\"800\" data-appear-animation=\"rotateInUpLeft\"><\/span><\/a>\t\t\t\t<\/div>\n\t\t\t\t<\/div>\n\t\t\t\t\t<\/div>\n\t\t\t\t<\/div>\n\t\t\t\t<div class=\"elementor-column elementor-col-50 elementor-top-column elementor-element elementor-element-22fc87a\" data-id=\"22fc87a\" data-element_type=\"column\">\n\t\t\t\t\t<div class=\"elementor-widget-wrap elementor-element-populated\">\n\t\t\t\t\t\t\t\t<div class=\"elementor-element elementor-element-b6eff94 elementor-widget elementor-widget-image\" data-id=\"b6eff94\" data-element_type=\"widget\" data-widget_type=\"image.default\">\n\t\t\t\t<div class=\"elementor-widget-container\">\n\t\t\t\t\t\t\t\t\t\t\t\t\t\t\t<img decoding=\"async\" width=\"172\" height=\"300\" src=\"https:\/\/protonsl.com\/wp-content\/uploads\/2021\/07\/ISO_9001-SN_RGB-172x300.png\" class=\"attachment-medium size-medium wp-image-782\" alt=\"\" \/>\t\t\t\t\t\t\t\t\t\t\t\t\t\t\t<\/div>\n\t\t\t\t<\/div>\n\t\t\t\t\t<\/div>\n\t\t\t\t<\/div>\n\t\t\t\t\t<\/div>\n\t\t\t\t<\/section>\n\t\t\t\t<\/div>\n\t\t","protected":false},"excerpt":{"rendered":"<p>PROTON FASTENERS Vis \u00e0 haute r\u00e9sistance Proton Fasteners S.L. est une entreprise d\u00e9di\u00e9e \u00e0 la fourniture de mat\u00e9riel de haute r\u00e9sistance. Nous sommes situ\u00e9s \u00e0 Cubelles (Barcelone). Reli\u00e9 par les autoroutes A2 et C32, \u00e0 40 de l&#8217;a\u00e9roport de Barcelone et \u00e0 40 km du port de Barcelone. Fond\u00e9e en 2016, avec l&#8217;exp\u00e9rience de nos [&hellip;]<\/p>\n","protected":false},"author":40,"featured_media":0,"parent":0,"menu_order":0,"comment_status":"closed","ping_status":"closed","template":"","meta":{"_joinchat":[],"footnotes":""},"class_list":["post-75162","page","type-page","status-publish","hentry"],"acf":[],"_links":{"self":[{"href":"https:\/\/protonsl.com\/es_es\/wp-json\/wp\/v2\/pages\/75162","targetHints":{"allow":["GET"]}}],"collection":[{"href":"https:\/\/protonsl.com\/es_es\/wp-json\/wp\/v2\/pages"}],"about":[{"href":"https:\/\/protonsl.com\/es_es\/wp-json\/wp\/v2\/types\/page"}],"author":[{"embeddable":true,"href":"https:\/\/protonsl.com\/es_es\/wp-json\/wp\/v2\/users\/40"}],"replies":[{"embeddable":true,"href":"https:\/\/protonsl.com\/es_es\/wp-json\/wp\/v2\/comments?post=75162"}],"version-history":[{"count":6,"href":"https:\/\/protonsl.com\/es_es\/wp-json\/wp\/v2\/pages\/75162\/revisions"}],"predecessor-version":[{"id":125500,"href":"https:\/\/protonsl.com\/es_es\/wp-json\/wp\/v2\/pages\/75162\/revisions\/125500"}],"wp:attachment":[{"href":"https:\/\/protonsl.com\/es_es\/wp-json\/wp\/v2\/media?parent=75162"}],"curies":[{"name":"wp","href":"https:\/\/api.w.org\/{rel}","templated":true}]}}