{"id":116235,"date":"2021-09-29T15:11:42","date_gmt":"2021-09-29T15:11:42","guid":{"rendered":"https:\/\/protonsl.com\/producto\/din-435-a-2-11-a-2-pus\/"},"modified":"2021-09-29T15:11:48","modified_gmt":"2021-09-29T15:11:48","slug":"din-435-a-2-11-a-2-pus","status":"publish","type":"product","link":"https:\/\/protonsl.com\/es_es\/producto\/din-435-a-2-11-a-2-pus\/","title":{"rendered":"DIN 435 A 2 11 A 2 PU=S"},"content":{"rendered":"<p>DIN 435 A 2 Scheiben, vierkant, keilf\u00f6rmig 14 %, f\u00fcr Doppel-T-Tr\u00e4ger dimension: 11 PU=S (50 pieces)<\/p>\n","protected":false},"excerpt":{"rendered":"<p>DIN 435 A 2 Scheiben, vierkant, keilf\u00f6rmig 14 %, f\u00fcr Doppel-T-Tr\u00e4ger dimension: 11 PU=S (50 pieces)<\/p>\n","protected":false},"featured_media":0,"template":"","meta":{"_joinchat":[]},"product_brand":[],"product_cat":[18584],"product_tag":[],"medida":[10993],"recubrimiento":[15895],"calidad":[8695],"class_list":{"0":"post-116235","1":"product","2":"type-product","3":"status-publish","5":"product_cat-din-435","6":"medida-10993","7":"recubrimiento-sin-recubrimiento","8":"calidad-a2","10":"first","11":"outofstock","12":"purchasable","13":"product-type-simple"},"acf":[],"_links":{"self":[{"href":"https:\/\/protonsl.com\/es_es\/wp-json\/wp\/v2\/product\/116235","targetHints":{"allow":["GET"]}}],"collection":[{"href":"https:\/\/protonsl.com\/es_es\/wp-json\/wp\/v2\/product"}],"about":[{"href":"https:\/\/protonsl.com\/es_es\/wp-json\/wp\/v2\/types\/product"}],"wp:attachment":[{"href":"https:\/\/protonsl.com\/es_es\/wp-json\/wp\/v2\/media?parent=116235"}],"wp:term":[{"taxonomy":"product_brand","embeddable":true,"href":"https:\/\/protonsl.com\/es_es\/wp-json\/wp\/v2\/product_brand?post=116235"},{"taxonomy":"product_cat","embeddable":true,"href":"https:\/\/protonsl.com\/es_es\/wp-json\/wp\/v2\/product_cat?post=116235"},{"taxonomy":"product_tag","embeddable":true,"href":"https:\/\/protonsl.com\/es_es\/wp-json\/wp\/v2\/product_tag?post=116235"},{"taxonomy":"medida","embeddable":true,"href":"https:\/\/protonsl.com\/es_es\/wp-json\/wp\/v2\/medida?post=116235"},{"taxonomy":"recubrimiento","embeddable":true,"href":"https:\/\/protonsl.com\/es_es\/wp-json\/wp\/v2\/recubrimiento?post=116235"},{"taxonomy":"calidad","embeddable":true,"href":"https:\/\/protonsl.com\/es_es\/wp-json\/wp\/v2\/calidad?post=116235"}],"curies":[{"name":"wp","href":"https:\/\/api.w.org\/{rel}","templated":true}]}}