{"id":116241,"date":"2021-09-29T15:11:42","date_gmt":"2021-09-29T15:11:42","guid":{"rendered":"https:\/\/protonsl.com\/producto\/din-435-a-2-175-a-2-pus\/"},"modified":"2021-09-29T15:11:49","modified_gmt":"2021-09-29T15:11:49","slug":"din-435-a-2-175-a-2-pus","status":"publish","type":"product","link":"https:\/\/protonsl.com\/es_es\/producto\/din-435-a-2-175-a-2-pus\/","title":{"rendered":"DIN 435 A 2 17,5 A 2 PU=S"},"content":{"rendered":"<p>DIN 435 A 2 Scheiben, vierkant, keilf\u00f6rmig 14 %, f\u00fcr Doppel-T-Tr\u00e4ger dimension: 17,5 PU=S (25 pieces)<\/p>\n","protected":false},"excerpt":{"rendered":"<p>DIN 435 A 2 Scheiben, vierkant, keilf\u00f6rmig 14 %, f\u00fcr Doppel-T-Tr\u00e4ger dimension: 17,5 PU=S (25 pieces)<\/p>\n","protected":false},"featured_media":0,"template":"","meta":{"_joinchat":[]},"product_brand":[],"product_cat":[18584],"product_tag":[],"medida":[15224],"recubrimiento":[15895],"calidad":[8695],"class_list":{"0":"post-116241","1":"product","2":"type-product","3":"status-publish","5":"product_cat-din-435","6":"medida-15224","7":"recubrimiento-sin-recubrimiento","8":"calidad-a2","10":"first","11":"outofstock","12":"purchasable","13":"product-type-simple"},"acf":[],"_links":{"self":[{"href":"https:\/\/protonsl.com\/es_es\/wp-json\/wp\/v2\/product\/116241","targetHints":{"allow":["GET"]}}],"collection":[{"href":"https:\/\/protonsl.com\/es_es\/wp-json\/wp\/v2\/product"}],"about":[{"href":"https:\/\/protonsl.com\/es_es\/wp-json\/wp\/v2\/types\/product"}],"wp:attachment":[{"href":"https:\/\/protonsl.com\/es_es\/wp-json\/wp\/v2\/media?parent=116241"}],"wp:term":[{"taxonomy":"product_brand","embeddable":true,"href":"https:\/\/protonsl.com\/es_es\/wp-json\/wp\/v2\/product_brand?post=116241"},{"taxonomy":"product_cat","embeddable":true,"href":"https:\/\/protonsl.com\/es_es\/wp-json\/wp\/v2\/product_cat?post=116241"},{"taxonomy":"product_tag","embeddable":true,"href":"https:\/\/protonsl.com\/es_es\/wp-json\/wp\/v2\/product_tag?post=116241"},{"taxonomy":"medida","embeddable":true,"href":"https:\/\/protonsl.com\/es_es\/wp-json\/wp\/v2\/medida?post=116241"},{"taxonomy":"recubrimiento","embeddable":true,"href":"https:\/\/protonsl.com\/es_es\/wp-json\/wp\/v2\/recubrimiento?post=116241"},{"taxonomy":"calidad","embeddable":true,"href":"https:\/\/protonsl.com\/es_es\/wp-json\/wp\/v2\/calidad?post=116241"}],"curies":[{"name":"wp","href":"https:\/\/api.w.org\/{rel}","templated":true}]}}