{"id":1719,"date":"2021-07-14T09:53:57","date_gmt":"2021-07-14T09:53:57","guid":{"rendered":"https:\/\/protonsl.com\/?page_id=1719"},"modified":"2021-07-14T09:55:50","modified_gmt":"2021-07-14T09:55:50","slug":"politica-de-privacidad","status":"publish","type":"page","link":"https:\/\/protonsl.com\/fr\/politica-de-privacidad\/","title":{"rendered":"Politique de confidentialit\u00e9"},"content":{"rendered":"<div data-elementor-type=\"wp-page\" data-elementor-id=\"1719\" class=\"elementor elementor-1719\" data-elementor-post-type=\"page\">\n\t\t\t\t\t\t<section class=\"elementor-section elementor-top-section elementor-element elementor-element-41244ce elementor-section-boxed elementor-section-height-default elementor-section-height-default\" data-id=\"41244ce\" data-element_type=\"section\">\n\t\t\n\t\t\t\t\t\t\t<div class=\"elementor-container elementor-column-gap-default\">\n\t\t\t\t\t\t\t\t\t\t\t<div class=\"elementor-column elementor-col-100 elementor-top-column elementor-element elementor-element-b11e681\" data-id=\"b11e681\" data-element_type=\"column\">\n\t\t\t\t\t<div class=\"elementor-widget-wrap elementor-element-populated\">\n\t\t\t\t\t\t\t\t<div class=\"elementor-element elementor-element-a5b296a elementor-widget elementor-widget-text-editor\" data-id=\"a5b296a\" data-element_type=\"widget\" data-widget_type=\"text-editor.default\">\n\t\t\t\t<div class=\"elementor-widget-container\">\n\t\t\t\t\t\t\t\t\t<p>Cette Politique de Confidentialit\u00e9 \u00e9nonce les conditions dans lesquelles le Proton Attaches SL utilise et<br \/>prot\u00e8ge les informations fournies par les utilisateurs lors de l&#039;utilisation de votre site web.<br \/><br \/>Cette soci\u00e9t\u00e9 s&#039;est engag\u00e9e \u00e0 la s\u00e9curit\u00e9 des donn\u00e9es de ses utilisateurs. Lorsque vous<br \/>nous vous demandons de remplir les champs d&#039;informations personnelles avec lesquelles vous pouvez \u00eatre identifi\u00e9, ce qui<br \/>nous ne nous assurer que seuls seront utilis\u00e9s en conformit\u00e9 avec les termes de ce document. Pas de<br \/>cependant, cette Politique de Confidentialit\u00e9 peut changer au fil du temps ou d&#039;\u00eatre mis \u00e0 jour pour ce que nous<br \/>nous vous recommandons de et de souligner la permanence de l&#039;examen de cette page afin de vous assurer qu&#039;il est de<br \/>d&#039;accord avec ces changements.<br \/><br \/><strong>Les informations qui sont recueillies<\/strong><br \/><br \/>Notre site web peut recueillir des renseignements personnels tels que: le Nom, l&#039;, info<br \/>contactez votre adresse e-mail et des informations d\u00e9mographiques. Ainsi que<br \/>n\u00e9cessaire peut \u00eatre n\u00e9cessaire pour des informations sp\u00e9cifiques pour le traitement d&#039;une commande ou d&#039;effectuer des<br \/>un de livraison ou de facturation.<br \/><br \/><strong>Utilisation des informations collect\u00e9es<\/strong><br \/><br \/>Notre site web utilise les informations afin de vous offrir le meilleur service possible,<br \/>particuli\u00e8rement \u00e0 maintenir un registre des utilisateurs, les commandes le cas \u00e9ch\u00e9ant, et d&#039;am\u00e9liorer la<br \/>nos produits et services. Il est possible qu&#039;ils soient e-mails envoy\u00e9s<br \/>p\u00e9riodiquement par le biais de notre site avec des offres sp\u00e9ciales, nouveaux produits et d&#039;autres<br \/>la publicit\u00e9 de l&#039;information que nous consid\u00e9rons utiles pour vous ou qui peuvent fournir certains<br \/>avantage, ces e-mails seront envoy\u00e9s \u00e0 l&#039;adresse que vous fournissez, et<br \/>peut \u00eatre annul\u00e9 \u00e0 tout moment.<br \/><br \/>Proton Attaches SL est fortement engag\u00e9 pour s&#039;acquitter de l&#039;engagement de garder<br \/>votre information est s\u00e9curis\u00e9e. Nous utilisons les syst\u00e8mes les plus avanc\u00e9s et constamment mise \u00e0 jour<br \/>pour s&#039;assurer qu&#039;il n&#039;existe aucun acc\u00e8s non autoris\u00e9.<br \/><br \/><strong>Les Cookies<br \/><\/strong><br \/>Un t\u00e9moin fait r\u00e9f\u00e9rence \u00e0 un fichier qui est envoy\u00e9 dans le but de demander la permission de<br \/>\u00eatre stock\u00e9s sur votre ordinateur, lors de l&#039;acceptation de ce fichier est cr\u00e9\u00e9 et le cookie sert ensuite \u00e0<br \/>pour avoir des informations concernant le trafic web, et facilite aussi l&#039;avenir de visites d&#039;un site web<br \/>r\u00e9current. Une autre fonction de cookies, c&#039;est qu&#039;avec eux, le web peut vous reconna\u00eetre<br \/>individuellement et, par cons\u00e9quent, de vous fournir le meilleur service personnalis\u00e9 sur votre site web.<br \/><br \/>Notre site web utilise des cookies pour identifier les pages qui sont visit\u00e9es et leur<br \/>la fr\u00e9quence. Cette information est uniquement utilis\u00e9e pour l&#039;analyse statistique et puis l&#039;<br \/>l&#039;information est d\u00e9finitivement supprim\u00e9. Vous pouvez supprimer les cookies \u00e0 tout<br \/>de temps \u00e0 partir de votre ordinateur. Cependant cookies nous aident \u00e0 vous fournir un meilleur service<br \/>sites web, vous ne donnez pas acc\u00e8s \u00e0 l&#039;information \u00e0 partir de votre ordinateur ou de vous, \u00e0 moins de<br \/>vous le voulez, et de les fournir directement, visites d&#039;un site web . Vous pouvez accepter ou de<br \/>refuser l&#039;utilisation de cookies, cependant, la plupart des navigateurs acceptent les cookies<br \/>automatiquement, car il permet d&#039;avoir un meilleur service web. Vous pouvez aussi changer la<br \/>configuration de votre ordinateur pour refuser les cookies. Si vous refusez, vous ne pouvez pas \u00eatre en mesure<br \/>utiliser certains de nos services.<\/p><h2><strong>Liens vers des tiers<\/strong><\/h2><p>Ce site web peut contenir des liens vers d&#039;autres sites web qui peuvent \u00eatre d&#039;int\u00e9r\u00eat pour vous. Une fois<br \/>vous cliquez sur ces liens et laisser notre page, nous n&#039;avons plus de contr\u00f4le sur la<br \/>site \u00e0 laquelle vous \u00eates redirig\u00e9 et donc nous ne sommes pas responsables des conditions ou \u00e0 la vie priv\u00e9e ou de la<br \/>la protection de vos donn\u00e9es \u00e0 celles d&#039;autres sites tiers. Ces sites sont soumis \u00e0 leurs propres<br \/>politiques de confidentialit\u00e9, il est donc recommand\u00e9 que vous v\u00e9rifiez que vous<br \/>d&#039;accord avec ces.<\/p><h2><strong>Contr\u00f4le de vos informations personnelles<\/strong><\/h2><p>Vous pouvez \u00e0 tout moment restreindre la collecte ou l&#039;utilisation de renseignements personnels<br \/>elle est fournie sur notre site web. Chaque fois que vous \u00eates invit\u00e9 \u00e0 remplir un formulaire,<br \/>comme l&#039;inscription de l&#039;utilisateur, vous pouvez cocher ou d\u00e9cocher l&#039;option de recevoir des informations par e-mail<br \/>- mail. Dans le cas o\u00f9 vous avez coch\u00e9 l&#039;option pour recevoir notre bulletin d&#039;information ou de publicit\u00e9 que vous<br \/>vous pouvez vous d\u00e9sinscrire \u00e0 tout moment.<br \/>Cette soci\u00e9t\u00e9 ne sera pas vendre, c\u00e9der ou distribuer des informations \u00e0 caract\u00e8re personnel collect\u00e9es sans votre<br \/>consentement, sauf si requis par un juge une ordonnance de la cour.<\/p><p>Proton Attaches SL se r\u00e9serve le droit de modifier les termes de cette Politique<br \/>Cette d\u00e9claration de confidentialit\u00e9 \u00e0 tout moment.<\/p>\t\t\t\t\t\t\t\t<\/div>\n\t\t\t\t<\/div>\n\t\t\t\t\t<\/div>\n\t\t\t\t<\/div>\n\t\t\t\t\t<\/div>\n\t\t\t\t<\/section>\n\t\t\t\t<\/div>","protected":false},"excerpt":{"rendered":"<p>El presente Pol\u00edtica de Privacidad establece los t\u00e9rminos en que Proton Fasteners SL usa yprotege la informaci\u00f3n que es proporcionada por sus usuarios al momento de utilizar su sitio web. Esta compa\u00f1\u00eda est\u00e1 comprometida con la seguridad de los datos de sus usuarios. Cuando lepedimos llenar los campos de informaci\u00f3n personal con la cual usted [&hellip;]<\/p>","protected":false},"author":40,"featured_media":0,"parent":0,"menu_order":0,"comment_status":"closed","ping_status":"closed","template":"elementor_header_footer","meta":{"_joinchat":[],"footnotes":""},"class_list":["post-1719","page","type-page","status-publish","hentry"],"acf":[],"_links":{"self":[{"href":"https:\/\/protonsl.com\/fr\/wp-json\/wp\/v2\/pages\/1719","targetHints":{"allow":["GET"]}}],"collection":[{"href":"https:\/\/protonsl.com\/fr\/wp-json\/wp\/v2\/pages"}],"about":[{"href":"https:\/\/protonsl.com\/fr\/wp-json\/wp\/v2\/types\/page"}],"author":[{"embeddable":true,"href":"https:\/\/protonsl.com\/fr\/wp-json\/wp\/v2\/users\/40"}],"replies":[{"embeddable":true,"href":"https:\/\/protonsl.com\/fr\/wp-json\/wp\/v2\/comments?post=1719"}],"version-history":[{"count":0,"href":"https:\/\/protonsl.com\/fr\/wp-json\/wp\/v2\/pages\/1719\/revisions"}],"wp:attachment":[{"href":"https:\/\/protonsl.com\/fr\/wp-json\/wp\/v2\/media?parent=1719"}],"curies":[{"name":"wp","href":"https:\/\/api.w.org\/{rel}","templated":true}]}}