{"id":6,"date":"2020-06-04T08:45:09","date_gmt":"2020-06-04T08:45:09","guid":{"rendered":"https:\/\/sgwpdemo.com\/default\/wpforms-preview\/"},"modified":"2024-09-23T19:16:59","modified_gmt":"2024-09-23T19:16:59","slug":"empresa","status":"publish","type":"page","link":"https:\/\/protonsl.com\/fr\/empresa\/","title":{"rendered":"Soci\u00e9t\u00e9"},"content":{"rendered":"<h2>PROTON ATTACHES<\/h2>\n<style>.porto-u-5143.porto-u-heading{text-align:left}<\/style>\n<h3>Les attaches de haute r\u00e9sistance<\/h3>\n<p>Proton Attaches SL est une entreprise d\u00e9di\u00e9e \u00e0 l&#039;importation et la distribution de mat\u00e9riel, de haute r\u00e9sistance.<\/p>\n<p>Nous sommes situ\u00e9s dans Cubelles (Barcelone). Desservi par les autoroutes A2 et C32, \u00e0 12 km de l&#039;a\u00e9roport de Barcelone et \u00e0 40 km du port de Barcelone.<\/p>\n<p>Fond\u00e9e en l&#039;an 2016, avec l&#039;exp\u00e9rience de nos partenaires et que nous avons acquis pendant cette p\u00e9riode, nous avons augment\u00e9 chaque ann\u00e9e de la concurrence et de la qualit\u00e9 de service, nous avons actuellement 200mt2 et nous avons augment\u00e9 le mod\u00e8le, avec des agents en Espagne, au Portugal et en France.<\/p>\n<p>Nos clients sont r\u00e9partis dans diff\u00e9rents territoires comme l&#039;Europe et les \u00e9tats-unis., et dans diff\u00e9rents secteurs:<\/p>\n<ul>\n<li>La Construction<\/li>\n<li>Le vent<\/li>\n<li>De la p\u00e9trochimie<\/li>\n<\/ul>\n<p><img fetchpriority=\"high\" decoding=\"async\" class=\"alignnone size-medium wp-image-125459\" src=\"https:\/\/protonsl.com\/wp-content\/uploads\/2024\/09\/Photoroom_20240829_150458-300x300.jpg\" alt=\"\" width=\"300\" height=\"300\" \/><\/p>\n<p>Proton Attaches de travailler avec des normes DIN-ISO-EN et pi\u00e8ces sp\u00e9ciales bas plat fabriqu\u00e9 par les usines de collaboration a \u00e9t\u00e9 approuv\u00e9 par notre ISO 9001:2015.<\/p>\n<p>Pour nos clients, nous offrons une flexibilit\u00e9 des m\u00e9thodes de coop\u00e9ration avec la direction des achats 24\/7 avec livraison pr\u00e9vue, o\u00f9 ils obtiennent des avantages:<\/p>\n<ul>\n<li>Augmenter les ventes<\/li>\n<li>R\u00e9duction des co\u00fbts<\/li>\n<li>Am\u00e9lioration de la production<\/li>\n<li>Contr\u00f4le Des Stocks<\/li>\n<\/ul>\n<p>Aujourd&#039;hui, nous continuons dans le d\u00e9veloppement int\u00e9gral des am\u00e9liorations pour \u00eatre en mesure de transf\u00e9rer \u00e0 nos clients, d&#039;int\u00e9ressantes opportunit\u00e9s d&#039;affaires, toujours \u00e0 la recherche pour obtenir votre satisfaction.<\/p>\n<h2 style=\"margin-bottom: 1.5rem;\">Mission<\/h2>\n<p><strong>Proton Attaches S. L<\/strong>. une entreprise d\u00e9di\u00e9e \u00e0 la commercialisation et\u00a0<strong>distribution<\/strong>\u00a0de\u00a0<strong>les attaches de haute r\u00e9sistance<\/strong>nous proposons un service complet aux entreprises et aux professionnels de tout secteur.<\/p>\n<p>Nos usines partenaires, nous vous garantissons un produit de qualit\u00e9, qui nous permet de garantir \u00e0 nos clients une am\u00e9lioration dans leurs projets, les produits et la position concurrentielle dans le march\u00e9.<\/p>\n<style>.porto-u-5934.porto-u-heading{text-align:left}<\/style>\n<h2 style=\"margin-bottom: 1.5rem;\">Vision<\/h2>\n<p>\u00catre un chef de file dans le march\u00e9 et de devenir le principal fournisseur pour ses am\u00e9liorations des processus d&#039;affaires.<\/p>\n<style>.porto-u-7571.porto-u-heading{text-align:left}<\/style>\n<h2 style=\"margin-bottom: 1.5rem;\">Les valeurs<\/h2>\n<ul>\n<li><em>L&#039;exp\u00e9rience<\/em>: L&#039;exp\u00e9rience accumul\u00e9e au fil des ann\u00e9es dans les diff\u00e9rents secteurs de la position des \u00e9tats-unis dans une entreprise qualifi\u00e9e et comp\u00e9titive.<\/li>\n<li><em>Un service complet:<\/em>\u00a0Nous nous impliquons dans des projets offrant des conseils techniques, la vente du mat\u00e9riel et de la communication en continu.<\/li>\n<li><em>Travail d&#039;\u00e9quipe:<\/em>\u00a0le principal capital de\u00a0<strong>PROTON ATTACHES<\/strong>\u00a0dans notre \u00e9quipe, donc nous travaillons en \u00e9quipe pour obtenir les meilleurs r\u00e9sultats.<\/li>\n<li><em>D\u00e9dicace:<\/em> D\u00e8s le premier contact avec notre client, nous nous engageons \u00e0 y consacrer tout le temps et les efforts n\u00e9cessaires pour obtenir le meilleur r\u00e9sultat possible.<\/li>\n<li><em>Qualit\u00e9:<\/em>\u00a0Notre gestion, des produits et des services que nous proposons sont certifi\u00e9s et de haute qualit\u00e9, nous travaillons pour la satisfaction totale de nos clients.<\/li>\n<\/ul>\n<style>.porto-u-3604.porto-u-heading{text-align:left}<\/style>\n<p><a href=\"https:\/\/protonsl.com\/wp-content\/uploads\/2023\/08\/9001-CAST-PROTON-FASTENERS_signed.pdf\" target=\"_blank\" rel=\"noopener\" aria-label=\"bouton\">Certificat ISO 9001:2015<\/a><br \/>\n<img decoding=\"async\" src=\"https:\/\/protonsl.com\/wp-content\/uploads\/2021\/07\/ISO_9001-SN_RGB-172x300.png\" alt=\"\" width=\"172\" height=\"300\" \/><\/p>","protected":false},"excerpt":{"rendered":"<p>PROTON FASTENERS Torniller\u00eda de alta resistencia Proton Fasteners S.L. es una empresa dedicada a la importaci\u00f3n y distribuci\u00f3n de torniller\u00eda de alta resistencia. Estamos ubicados en Cubelles (Barcelona). Conectados por las autov\u00edas A2 y C32, a 12km del aeropuerto de Barcelona y a 40km del puerto de Barcelona. Fundada en el a\u00f1o 2016, con la [&hellip;]<\/p>","protected":false},"author":40,"featured_media":0,"parent":0,"menu_order":0,"comment_status":"closed","ping_status":"closed","template":"","meta":{"_joinchat":[],"footnotes":""},"class_list":["post-6","page","type-page","status-publish","hentry"],"acf":[],"_links":{"self":[{"href":"https:\/\/protonsl.com\/fr\/wp-json\/wp\/v2\/pages\/6","targetHints":{"allow":["GET"]}}],"collection":[{"href":"https:\/\/protonsl.com\/fr\/wp-json\/wp\/v2\/pages"}],"about":[{"href":"https:\/\/protonsl.com\/fr\/wp-json\/wp\/v2\/types\/page"}],"author":[{"embeddable":true,"href":"https:\/\/protonsl.com\/fr\/wp-json\/wp\/v2\/users\/40"}],"replies":[{"embeddable":true,"href":"https:\/\/protonsl.com\/fr\/wp-json\/wp\/v2\/comments?post=6"}],"version-history":[{"count":7,"href":"https:\/\/protonsl.com\/fr\/wp-json\/wp\/v2\/pages\/6\/revisions"}],"predecessor-version":[{"id":125494,"href":"https:\/\/protonsl.com\/fr\/wp-json\/wp\/v2\/pages\/6\/revisions\/125494"}],"wp:attachment":[{"href":"https:\/\/protonsl.com\/fr\/wp-json\/wp\/v2\/media?parent=6"}],"curies":[{"name":"wp","href":"https:\/\/api.w.org\/{rel}","templated":true}]}}