{"id":116239,"date":"2021-09-29T15:11:42","date_gmt":"2021-09-29T15:11:42","guid":{"rendered":"https:\/\/protonsl.com\/producto\/din-434-steel-uh-33-hot-dipped-8-taper-tzn-pus\/"},"modified":"2021-09-29T15:11:42","modified_gmt":"2021-09-29T15:11:42","slug":"din-434-steel-uh-33-hot-dipped-8-taper-tzn-pus","status":"publish","type":"product","link":"https:\/\/protonsl.com\/fr\/produit\/din-434-steel-uh-33-hot-dipped-8-taper-tzn-pus\/","title":{"rendered":"DIN 434 steel \/ \u00dcH 33 hot-dipped 8 % taper tZn PU=S"},"content":{"rendered":"<p>DIN 434 Stahl feuerverzinkt Scheiben, vierkant, keilf\u00f6rmig 8 %, f\u00fcr U-Tr\u00e4ger dimension: 33 PU=S (50 pieces)<\/p>","protected":false},"excerpt":{"rendered":"<p>DIN 434 Stahl feuerverzinkt Scheiben, vierkant, keilf\u00f6rmig 8 %, f\u00fcr U-Tr\u00e4ger dimension: 33 PU=S (50 pieces)<\/p>","protected":false},"featured_media":0,"template":"","meta":{"_joinchat":[]},"product_brand":[],"product_cat":[19043],"product_tag":[],"medida":[13333],"recubrimiento":[15301],"calidad":[15164],"class_list":{"0":"post-116239","1":"product","2":"type-product","3":"status-publish","5":"product_cat-din-434","6":"medida-13333","7":"recubrimiento-hdg","8":"calidad-steel","10":"first","11":"outofstock","12":"purchasable","13":"product-type-simple"},"acf":[],"_links":{"self":[{"href":"https:\/\/protonsl.com\/fr\/wp-json\/wp\/v2\/product\/116239","targetHints":{"allow":["GET"]}}],"collection":[{"href":"https:\/\/protonsl.com\/fr\/wp-json\/wp\/v2\/product"}],"about":[{"href":"https:\/\/protonsl.com\/fr\/wp-json\/wp\/v2\/types\/product"}],"wp:attachment":[{"href":"https:\/\/protonsl.com\/fr\/wp-json\/wp\/v2\/media?parent=116239"}],"wp:term":[{"taxonomy":"product_brand","embeddable":true,"href":"https:\/\/protonsl.com\/fr\/wp-json\/wp\/v2\/product_brand?post=116239"},{"taxonomy":"product_cat","embeddable":true,"href":"https:\/\/protonsl.com\/fr\/wp-json\/wp\/v2\/product_cat?post=116239"},{"taxonomy":"product_tag","embeddable":true,"href":"https:\/\/protonsl.com\/fr\/wp-json\/wp\/v2\/product_tag?post=116239"},{"taxonomy":"medida","embeddable":true,"href":"https:\/\/protonsl.com\/fr\/wp-json\/wp\/v2\/medida?post=116239"},{"taxonomy":"recubrimiento","embeddable":true,"href":"https:\/\/protonsl.com\/fr\/wp-json\/wp\/v2\/recubrimiento?post=116239"},{"taxonomy":"calidad","embeddable":true,"href":"https:\/\/protonsl.com\/fr\/wp-json\/wp\/v2\/calidad?post=116239"}],"curies":[{"name":"wp","href":"https:\/\/api.w.org\/{rel}","templated":true}]}}