{"id":48898,"date":"2021-08-18T14:54:46","date_gmt":"2021-08-18T14:54:46","guid":{"rendered":"https:\/\/protonsl.com\/producto\/zatyczka-lacznika-osciez-15-white-an-421\/"},"modified":"2025-04-24T18:04:37","modified_gmt":"2025-04-24T18:04:37","slug":"zatyczka-lacznika-osciez-15-white-an-421","status":"publish","type":"product","link":"https:\/\/protonsl.com\/fr\/produit\/zatyczka-lacznika-osciez-15-white-an-421\/","title":{"rendered":"Zatyczka \u0142\u0105cznika o\u015bcie\u017c.  15  white  AN 421"},"content":{"rendered":"","protected":false},"excerpt":{"rendered":"<p>Zatyczka \u0142\u0105cznika o\u015bcie\u017c.<\/p>","protected":false},"featured_media":0,"template":"","meta":{"_joinchat":[]},"product_brand":[],"product_cat":[11490],"product_tag":[],"medida":[9778],"recubrimiento":[11306],"calidad":[],"class_list":{"0":"post-48898","1":"product","2":"type-product","3":"status-publish","5":"product_cat-an-421","6":"medida-15-2","7":"recubrimiento-white","9":"first","10":"outofstock","11":"taxable","12":"shipping-taxable","13":"purchasable","14":"product-type-simple"},"acf":[],"_links":{"self":[{"href":"https:\/\/protonsl.com\/fr\/wp-json\/wp\/v2\/product\/48898","targetHints":{"allow":["GET"]}}],"collection":[{"href":"https:\/\/protonsl.com\/fr\/wp-json\/wp\/v2\/product"}],"about":[{"href":"https:\/\/protonsl.com\/fr\/wp-json\/wp\/v2\/types\/product"}],"wp:attachment":[{"href":"https:\/\/protonsl.com\/fr\/wp-json\/wp\/v2\/media?parent=48898"}],"wp:term":[{"taxonomy":"product_brand","embeddable":true,"href":"https:\/\/protonsl.com\/fr\/wp-json\/wp\/v2\/product_brand?post=48898"},{"taxonomy":"product_cat","embeddable":true,"href":"https:\/\/protonsl.com\/fr\/wp-json\/wp\/v2\/product_cat?post=48898"},{"taxonomy":"product_tag","embeddable":true,"href":"https:\/\/protonsl.com\/fr\/wp-json\/wp\/v2\/product_tag?post=48898"},{"taxonomy":"medida","embeddable":true,"href":"https:\/\/protonsl.com\/fr\/wp-json\/wp\/v2\/medida?post=48898"},{"taxonomy":"recubrimiento","embeddable":true,"href":"https:\/\/protonsl.com\/fr\/wp-json\/wp\/v2\/recubrimiento?post=48898"},{"taxonomy":"calidad","embeddable":true,"href":"https:\/\/protonsl.com\/fr\/wp-json\/wp\/v2\/calidad?post=48898"}],"curies":[{"name":"wp","href":"https:\/\/api.w.org\/{rel}","templated":true}]}}